{"id":33080,"date":"2024-05-24T15:15:40","date_gmt":"2024-05-24T13:15:40","guid":{"rendered":"https:\/\/www.infosourds.be\/?page_id=33080"},"modified":"2026-03-06T19:03:18","modified_gmt":"2026-03-06T18:03:18","slug":"bewegwijzering","status":"publish","type":"page","link":"https:\/\/www.infosourds.be\/nl\/relais-signes","title":{"rendered":"Relais Signes"},"content":{"rendered":"<p>[et_pb_section fb_built=\u00a0\u00bb1&Prime; _builder_version=\u00a0\u00bb4.25.0&Prime; _module_preset=\u00a0\u00bbdefault\u00a0\u00bb da_disable_devices=\u00a0\u00bboff|off|off\u00a0\u00bb global_colors_info=\u00a0\u00bb{}\u00a0\u00bb da_is_popup=\u00a0\u00bboff\u00a0\u00bb da_exit_intent=\u00a0\u00bboff\u00a0\u00bb da_has_close=\u00a0\u00bbon\u00a0\u00bb da_alt_close=\u00a0\u00bboff\u00a0\u00bb da_dark_close=\u00a0\u00bboff\u00a0\u00bb da_not_modal=\u00a0\u00bbon\u00a0\u00bb da_is_singular=\u00a0\u00bboff\u00a0\u00bb da_with_loader=\u00a0\u00bboff\u00a0\u00bb da_has_shadow=\u00a0\u00bbon\u00a0\u00bb][et_pb_row _builder_version=\u00a0\u00bb4.25.0&Prime; _module_preset=\u00a0\u00bbdefault\u00a0\u00bb global_colors_info=\u00a0\u00bb{}\u00a0\u00bb][et_pb_column type=\u00a0\u00bb4_4&Prime; _builder_version=\u00a0\u00bb4.25.0&Prime; _module_preset=\u00a0\u00bbdefault\u00a0\u00bb global_colors_info=\u00a0\u00bb{}\u00a0\u00bb][et_pb_text _builder_version=\u00a0\u00bb4.27.5&Prime; _module_preset=\u00a0\u00bbdefault\u00a0\u00bb hover_enabled=\u00a0\u00bb0&Prime; global_colors_info=\u00a0\u00bb{}\u00a0\u00bb sticky_enabled=\u00a0\u00bb0&Prime;]<\/p>\n<h1 style=\"text-align: center;\"><strong>Interpr\u00e9tation en langue des signes \u00e0 distance<\/strong><\/h1>\n<h2 style=\"text-align: center;\"><strong>Relais Signes<\/strong><\/h2>\n<h2 style=\"text-align: center;\"><strong> <img loading=\"lazy\" decoding=\"async\" src=\"https:\/\/www.infosourds.be\/wp-content\/uploads\/2025\/02\/Logo-ISB-SISW-1024x967.webp\" width=\"117\" height=\"110\" alt=\"\" class=\"wp-image-33839 alignnone size-large\" \/><\/strong><\/h2>\n<p>[\/et_pb_text][\/et_pb_column][\/et_pb_row][et_pb_row _builder_version=\u00a0\u00bb4.25.0&Prime; _module_preset=\u00a0\u00bbdefault\u00a0\u00bb global_colors_info=\u00a0\u00bb{}\u00a0\u00bb][et_pb_column type=\u00a0\u00bb4_4&Prime; _builder_version=\u00a0\u00bb4.25.0&Prime; _module_preset=\u00a0\u00bbdefault\u00a0\u00bb global_colors_info=\u00a0\u00bb{}\u00a0\u00bb][et_pb_text _builder_version=\u00a0\u00bb4.25.2&Prime; _module_preset=\u00a0\u00bbdefault\u00a0\u00bb global_colors_info=\u00a0\u00bb{}\u00a0\u00bb]<\/p>\n<p><span>Nous menons, en partenariat avec le Service d\u2019Interpr\u00e9tation des Sourds de Wallonie, le projet\u00a0<\/span><strong>Relais Signes<\/strong><span>.\u00a0<\/span><span class=\"cf0\"><strong>Relais Signes<\/strong><span>\u00a0<\/span>est un service d\u2019interpr\u00e9tation \u00e0 distance pour des appels t\u00e9l\u00e9phoniques ou de courts entretiens entre une personne sourde et une personne entendante. Ce service est destin\u00e9 aux appels de courte dur\u00e9e, en Belgique, qui ne n\u00e9cessitent pas un interpr\u00e8te en pr\u00e9sentiel<\/span><span>.\u00a0<\/span><\/p>\n<p><iframe loading=\"lazy\" title=\"Relais Signes\" width=\"1080\" height=\"608\" src=\"https:\/\/www.youtube.com\/embed\/T7Mp7yWvEGo?feature=oembed\"  allow=\"accelerometer; autoplay; clipboard-write; encrypted-media; gyroscope; picture-in-picture; web-share\" referrerpolicy=\"strict-origin-when-cross-origin\" allowfullscreen><\/iframe><\/p>\n<p>[\/et_pb_text][\/et_pb_column][\/et_pb_row][et_pb_row _builder_version=\u00a0\u00bb4.25.0&Prime; _module_preset=\u00a0\u00bbdefault\u00a0\u00bb global_colors_info=\u00a0\u00bb{}\u00a0\u00bb][et_pb_column type=\u00a0\u00bb4_4&Prime; _builder_version=\u00a0\u00bb4.25.0&Prime; _module_preset=\u00a0\u00bbdefault\u00a0\u00bb global_colors_info=\u00a0\u00bb{}\u00a0\u00bb][et_pb_text _builder_version=\u00a0\u00bb4.27.4&Prime; _module_preset=\u00a0\u00bbdefault\u00a0\u00bb global_colors_info=\u00a0\u00bb{}\u00a0\u00bb]<\/p>\n<h2><strong>Inscription au service<\/strong><\/h2>\n<p>Ce service est accessible aux personnes sourdes et entendantes domicili\u00e9es en R\u00e9gion bruxelloises et en Wallonie, et qui d\u00e9sirent b\u00e9n\u00e9ficier d&rsquo;une interpr\u00e9tation en langue des signes francophone \u00e0 distance.<\/p>\n<p><strong>Si vous \u00eates un service public<\/strong> ou une entreprise et que vous souhaitez vous rendre accessible au public sourd, merci de prendre contact avec <a href=\"mailto:gaelle.debacker@sisw.be\">gaelle.debacker@sisw.be<\/a> ou par t\u00e9l\u00e9phone au<span>\u00a0<\/span><a href=\"tel:0032496502281\">0496 50 22 81<\/a><span>\u00a0<\/span>pour plus de renseignements sur les modalit\u00e9s d\u2019inscription et tarifs.<\/p>\n<p><strong>Si vous \u00eates un particulier<\/strong>, atteint de surdit\u00e9 ou malentendant, domicili\u00e9 en R\u00e9gion Bruxelloise ou en Wallonie, ce service est gratuit.<\/p>\n<p>Pour vous inscrire, veuillez vous munir de votre carte d&rsquo;identit\u00e9 et compl\u00e9ter le formulaire.<\/p>\n<p><iframe loading=\"lazy\" title=\"Inscription \u00e0 Relais Signes\" width=\"1080\" height=\"608\" src=\"https:\/\/www.youtube.com\/embed\/nkWRn98UFtw?feature=oembed\"  allow=\"accelerometer; autoplay; clipboard-write; encrypted-media; gyroscope; picture-in-picture; web-share\" referrerpolicy=\"strict-origin-when-cross-origin\" allowfullscreen><\/iframe><\/p>\n<p><span><a class=\"maxbutton-15 maxbutton maxbutton-formulaire-d-inscription-relais-signes\" target=\"_blank\" rel=\"noopener\" href=\"https:\/\/www.relais-signes.be\/inscription.php\"><span class='mb-text'>FORMULAIRE D&#039;INSCRIPTION<\/span><\/a><\/span><\/p>\n<p>Relais Signes vous enverra ensuite un email pour valider votre inscription avec un nom d\u2019utilisateur et un mot de passe personnels, ainsi qu\u2019une vid\u00e9o avec la marche \u00e0 suivre pour passer vos appels. Ces \u00e9l\u00e9ments sont n\u00e9cessaires afin de vous connecter au service d\u2019interpr\u00e9tation \u00e0 distance sur l\u2019application <a href=\"https:\/\/elioz.fr\/\" target=\"_blank\" rel=\"noopener\"><strong>Elioz<\/strong><\/a>.<\/p>\n<p>[\/et_pb_text][\/et_pb_column][\/et_pb_row][et_pb_row _builder_version=\u00a0\u00bb4.25.2&Prime; _module_preset=\u00a0\u00bbdefault\u00a0\u00bb global_colors_info=\u00a0\u00bb{}\u00a0\u00bb][et_pb_column type=\u00a0\u00bb4_4&Prime; _builder_version=\u00a0\u00bb4.25.2&Prime; _module_preset=\u00a0\u00bbdefault\u00a0\u00bb global_colors_info=\u00a0\u00bb{}\u00a0\u00bb][et_pb_text _builder_version=\u00a0\u00bb4.27.4&Prime; _module_preset=\u00a0\u00bbdefault\u00a0\u00bb global_colors_info=\u00a0\u00bb{}\u00a0\u00bb]<\/p>\n<h2><strong>Documents pour les b\u00e9n\u00e9ficiaires<\/strong><\/h2>\n<p>Si vous souhaitez b\u00e9n\u00e9ficier des services du SISB, il est imp\u00e9ratif :<\/p>\n<ul>\n<li>d\u2019\u00eatre inscrit au SISB via le<span>\u00a0<\/span><a href=\"https:\/\/www.infosourds.be\/wp-content\/uploads\/2023\/04\/2025-SISB-Fiche-dinscription-Template.pdf\" target=\"_blank\" rel=\"noopener\"><b>formulaire d\u2019inscription<\/b><\/a><b>\u00a0<\/b>en y joignant un document de composition de m\u00e9nage r\u00e9cent.<\/li>\n<li>d\u2019avoir sign\u00e9<span>\u00a0<\/span><a href=\"https:\/\/www.infosourds.be\/wp-content\/uploads\/2023\/04\/Convention_Signature_Beneficiaires_2023.pdf\" target=\"_blank\" rel=\"noopener\"><strong>l\u2019attestation<\/strong><\/a><span>\u00a0<\/span>de r\u00e9ception du R\u00e8glement d\u2019Ordre Int\u00e9rieur (ROI) et du projet de service. Le<span>\u00a0<\/span><strong><a href=\"https:\/\/www.infosourds.be\/reglement-dordre-interieur?et_fb=1&amp;PageSpeed=off\" target=\"_blank\" rel=\"noopener\">ROI est \u00e9galement disponible en langue des signes<\/a><\/strong>.<\/li>\n<li>d\u2019avoir pay\u00e9 la cotisation trimestrielle au SISB<\/li>\n<\/ul>\n<p><iframe loading=\"lazy\" title=\"Documents b\u00e9n\u00e9ficiaires\" width=\"1080\" height=\"608\" src=\"https:\/\/www.youtube.com\/embed\/S9B1DuwxXXs?feature=oembed\"  allow=\"accelerometer; autoplay; clipboard-write; encrypted-media; gyroscope; picture-in-picture; web-share\" referrerpolicy=\"strict-origin-when-cross-origin\" allowfullscreen><\/iframe><\/p>\n<p>[\/et_pb_text][\/et_pb_column][\/et_pb_row][et_pb_row _builder_version=\u00a0\u00bb4.25.0&Prime; _module_preset=\u00a0\u00bbdefault\u00a0\u00bb global_colors_info=\u00a0\u00bb{}\u00a0\u00bb][et_pb_column type=\u00a0\u00bb4_4&Prime; _builder_version=\u00a0\u00bb4.25.0&Prime; _module_preset=\u00a0\u00bbdefault\u00a0\u00bb global_colors_info=\u00a0\u00bb{}\u00a0\u00bb][et_pb_text _builder_version=\u00a0\u00bb4.27.4&Prime; _module_preset=\u00a0\u00bbdefault\u00a0\u00bb global_colors_info=\u00a0\u00bb{}\u00a0\u00bb]<\/p>\n<h2><strong>Calendrier des disponibilit\u00e9s<\/strong><\/h2>\n<p>Afin de conna\u00eetre les heures d&rsquo;ouverture et disponibilit\u00e9s des interpr\u00e8tes, nous vous invitons \u00e0 consulter le planning.<\/p>\n<p><span><a class=\"maxbutton-16 maxbutton maxbutton-horaires-des-disponibilites-relais-signes\" target=\"_blank\" rel=\"noopener\" href=\"https:\/\/www.relais-signes.be\/calendrier.php\"><span class='mb-text'>HORAIRES<\/span><\/a><\/span><\/p>\n<p>&nbsp;<\/p>\n<p>[\/et_pb_text][\/et_pb_column][\/et_pb_row][et_pb_row _builder_version=\u00a0\u00bb4.25.0&Prime; _module_preset=\u00a0\u00bbdefault\u00a0\u00bb custom_margin=\u00a0\u00bb-22px|auto||auto||\u00a0\u00bb custom_padding=\u00a0\u00bb16px|||||\u00a0\u00bb global_colors_info=\u00a0\u00bb{}\u00a0\u00bb][et_pb_column type=\u00a0\u00bb4_4&Prime; _builder_version=\u00a0\u00bb4.25.0&Prime; _module_preset=\u00a0\u00bbdefault\u00a0\u00bb global_colors_info=\u00a0\u00bb{}\u00a0\u00bb][et_pb_text _builder_version=\u00a0\u00bb4.27.4&Prime; _module_preset=\u00a0\u00bbdefault\u00a0\u00bb custom_margin=\u00a0\u00bb-3px|||||\u00a0\u00bb global_colors_info=\u00a0\u00bb{}\u00a0\u00bb]<\/p>\n<h2><strong>Plus d&rsquo;info<\/strong><\/h2>\n<p>Vous d\u00e9sirez en savoir plus les activit\u00e9s de ce service, nous vous invitons \u00e0 visiter la <a href=\"https:\/\/www.relais-signes.be\/index.php\" target=\"_blank\" rel=\"noopener\" title=\"Relais Signes\"><strong>page internet de Relais Signes<\/strong><\/a> !<\/p>\n<p>[\/et_pb_text][\/et_pb_column][\/et_pb_row][\/et_pb_section]<\/p>\n","protected":false},"excerpt":{"rendered":"<p>Interpr\u00e9tation en langue des signes \u00e0 distance Relais Signes Nous menons, en partenariat avec le Service d\u2019Interpr\u00e9tation des Sourds de Wallonie, le projet\u00a0Relais Signes.\u00a0Relais Signes\u00a0est un service d\u2019interpr\u00e9tation \u00e0 distance pour des appels t\u00e9l\u00e9phoniques ou de courts entretiens entre une personne sourde et une personne entendante. Ce service est destin\u00e9 aux appels de courte dur\u00e9e, [&hellip;]<\/p>\n","protected":false},"author":10,"featured_media":33839,"parent":0,"menu_order":0,"comment_status":"closed","ping_status":"closed","template":"","meta":{"give_campaign_id":0,"_et_pb_use_builder":"on","_et_pb_old_content":"","_et_gb_content_width":"","footnotes":""},"class_list":["post-33080","page","type-page","status-publish","has-post-thumbnail","hentry"],"yoast_head":"<!-- This site is optimized with the Yoast SEO plugin v27.2 - https:\/\/yoast.com\/product\/yoast-seo-wordpress\/ -->\n<title>Relais Signes - Info-Sourds de Bruxelles<\/title>\n<meta name=\"description\" content=\"Relais Signes est un service d\u2019interpr\u00e9tation \u00e0 distance (appels ou courts entretiens) entre une personne sourde et une personne entendante.\" \/>\n<meta name=\"robots\" content=\"index, follow, max-snippet:-1, max-image-preview:large, max-video-preview:-1\" \/>\n<link rel=\"canonical\" href=\"https:\/\/www.infosourds.be\/nl\/bewegwijzering\" \/>\n<meta property=\"og:locale\" content=\"nl_BE\" \/>\n<meta property=\"og:type\" content=\"article\" \/>\n<meta property=\"og:title\" content=\"Relais Signes - Info-Sourds de Bruxelles\" \/>\n<meta property=\"og:description\" content=\"Relais Signes est un service d\u2019interpr\u00e9tation \u00e0 distance (appels ou courts entretiens) entre une personne sourde et une personne entendante.\" \/>\n<meta property=\"og:url\" content=\"https:\/\/www.infosourds.be\/nl\/bewegwijzering\" \/>\n<meta property=\"og:site_name\" content=\"Info-Sourds de Bruxelles\" \/>\n<meta property=\"article:publisher\" content=\"https:\/\/www.facebook.com\/InfosourdsdeBxl\" \/>\n<meta property=\"article:modified_time\" content=\"2026-03-06T18:03:18+00:00\" \/>\n<meta property=\"og:image\" content=\"https:\/\/www.infosourds.be\/wp-content\/uploads\/2025\/02\/Logo-ISB-SISW.webp\" \/>\n\t<meta property=\"og:image:width\" content=\"1618\" \/>\n\t<meta property=\"og:image:height\" content=\"1528\" \/>\n\t<meta property=\"og:image:type\" content=\"image\/webp\" \/>\n<meta name=\"twitter:card\" content=\"summary_large_image\" \/>\n<meta name=\"twitter:label1\" content=\"Geschatte leestijd\" \/>\n\t<meta name=\"twitter:data1\" content=\"3 minuten\" \/>\n<script type=\"application\/ld+json\" class=\"yoast-schema-graph\">{\"@context\":\"https:\/\/schema.org\",\"@graph\":[{\"@type\":\"WebPage\",\"@id\":\"https:\/\/www.infosourds.be\/relais-signes\",\"url\":\"https:\/\/www.infosourds.be\/relais-signes\",\"name\":\"Relais Signes - Info-Sourds de Bruxelles\",\"isPartOf\":{\"@id\":\"https:\/\/www.infosourds.be\/#website\"},\"primaryImageOfPage\":{\"@id\":\"https:\/\/www.infosourds.be\/relais-signes#primaryimage\"},\"image\":{\"@id\":\"https:\/\/www.infosourds.be\/relais-signes#primaryimage\"},\"thumbnailUrl\":\"https:\/\/www.infosourds.be\/wp-content\/uploads\/2025\/02\/Logo-ISB-SISW.webp\",\"datePublished\":\"2024-05-24T13:15:40+00:00\",\"dateModified\":\"2026-03-06T18:03:18+00:00\",\"description\":\"Relais Signes est un service d\u2019interpr\u00e9tation \u00e0 distance (appels ou courts entretiens) entre une personne sourde et une personne entendante.\",\"breadcrumb\":{\"@id\":\"https:\/\/www.infosourds.be\/relais-signes#breadcrumb\"},\"inLanguage\":\"nl-BE\",\"potentialAction\":[{\"@type\":\"ReadAction\",\"target\":[\"https:\/\/www.infosourds.be\/relais-signes\"]}]},{\"@type\":\"ImageObject\",\"inLanguage\":\"nl-BE\",\"@id\":\"https:\/\/www.infosourds.be\/relais-signes#primaryimage\",\"url\":\"https:\/\/www.infosourds.be\/wp-content\/uploads\/2025\/02\/Logo-ISB-SISW.webp\",\"contentUrl\":\"https:\/\/www.infosourds.be\/wp-content\/uploads\/2025\/02\/Logo-ISB-SISW.webp\",\"width\":1618,\"height\":1528},{\"@type\":\"BreadcrumbList\",\"@id\":\"https:\/\/www.infosourds.be\/relais-signes#breadcrumb\",\"itemListElement\":[{\"@type\":\"ListItem\",\"position\":1,\"name\":\"Accueil\",\"item\":\"https:\/\/www.infosourds.be\/\"},{\"@type\":\"ListItem\",\"position\":2,\"name\":\"Relais Signes\"}]},{\"@type\":\"WebSite\",\"@id\":\"https:\/\/www.infosourds.be\/#website\",\"url\":\"https:\/\/www.infosourds.be\/\",\"name\":\"infosourds.be\",\"description\":\"Une personne avant tout\",\"publisher\":{\"@id\":\"https:\/\/www.infosourds.be\/#organization\"},\"potentialAction\":[{\"@type\":\"SearchAction\",\"target\":{\"@type\":\"EntryPoint\",\"urlTemplate\":\"https:\/\/www.infosourds.be\/?s={search_term_string}\"},\"query-input\":{\"@type\":\"PropertyValueSpecification\",\"valueRequired\":true,\"valueName\":\"search_term_string\"}}],\"inLanguage\":\"nl-BE\"},{\"@type\":\"Organization\",\"@id\":\"https:\/\/www.infosourds.be\/#organization\",\"name\":\"Info-Sourds de Bruxelles\",\"url\":\"https:\/\/www.infosourds.be\/\",\"logo\":{\"@type\":\"ImageObject\",\"inLanguage\":\"nl-BE\",\"@id\":\"https:\/\/www.infosourds.be\/#\/schema\/logo\/image\/\",\"url\":\"https:\/\/www.infosourds.be\/wp-content\/uploads\/2023\/03\/Logo_InfoSourds1.png\",\"contentUrl\":\"https:\/\/www.infosourds.be\/wp-content\/uploads\/2023\/03\/Logo_InfoSourds1.png\",\"width\":114,\"height\":121,\"caption\":\"Info-Sourds de Bruxelles\"},\"image\":{\"@id\":\"https:\/\/www.infosourds.be\/#\/schema\/logo\/image\/\"},\"sameAs\":[\"https:\/\/www.facebook.com\/InfosourdsdeBxl\",\"https:\/\/www.instagram.com\/infosourds_bxl\/\",\"https:\/\/www.linkedin.com\/company\/22615107\/\"]}]}<\/script>\n<!-- \/ Yoast SEO plugin. -->","yoast_head_json":{"title":"Relais Signes - Info-Sourds de Bruxelles","description":"Relais Signes is een tolkdienst op afstand (gesprekken of korte interviews) tussen een dove en een horende persoon.","robots":{"index":"index","follow":"follow","max-snippet":"max-snippet:-1","max-image-preview":"max-image-preview:large","max-video-preview":"max-video-preview:-1"},"canonical":"https:\/\/www.infosourds.be\/nl\/bewegwijzering","og_locale":"nl_BE","og_type":"article","og_title":"Relais Signes - Info-Sourds de Bruxelles","og_description":"Relais Signes est un service d\u2019interpr\u00e9tation \u00e0 distance (appels ou courts entretiens) entre une personne sourde et une personne entendante.","og_url":"https:\/\/www.infosourds.be\/nl\/bewegwijzering","og_site_name":"Info-Sourds de Bruxelles","article_publisher":"https:\/\/www.facebook.com\/InfosourdsdeBxl","article_modified_time":"2026-03-06T18:03:18+00:00","og_image":[{"width":1618,"height":1528,"url":"https:\/\/www.infosourds.be\/wp-content\/uploads\/2025\/02\/Logo-ISB-SISW.webp","type":"image\/webp"}],"twitter_card":"summary_large_image","twitter_misc":{"Geschatte leestijd":"3 minuten"},"schema":{"@context":"https:\/\/schema.org","@graph":[{"@type":"WebPage","@id":"https:\/\/www.infosourds.be\/relais-signes","url":"https:\/\/www.infosourds.be\/relais-signes","name":"Relais Signes - Info-Sourds de Bruxelles","isPartOf":{"@id":"https:\/\/www.infosourds.be\/#website"},"primaryImageOfPage":{"@id":"https:\/\/www.infosourds.be\/relais-signes#primaryimage"},"image":{"@id":"https:\/\/www.infosourds.be\/relais-signes#primaryimage"},"thumbnailUrl":"https:\/\/www.infosourds.be\/wp-content\/uploads\/2025\/02\/Logo-ISB-SISW.webp","datePublished":"2024-05-24T13:15:40+00:00","dateModified":"2026-03-06T18:03:18+00:00","description":"Relais Signes is een tolkdienst op afstand (gesprekken of korte interviews) tussen een dove en een horende persoon.","breadcrumb":{"@id":"https:\/\/www.infosourds.be\/relais-signes#breadcrumb"},"inLanguage":"nl-BE","potentialAction":[{"@type":"ReadAction","target":["https:\/\/www.infosourds.be\/relais-signes"]}]},{"@type":"ImageObject","inLanguage":"nl-BE","@id":"https:\/\/www.infosourds.be\/relais-signes#primaryimage","url":"https:\/\/www.infosourds.be\/wp-content\/uploads\/2025\/02\/Logo-ISB-SISW.webp","contentUrl":"https:\/\/www.infosourds.be\/wp-content\/uploads\/2025\/02\/Logo-ISB-SISW.webp","width":1618,"height":1528},{"@type":"BreadcrumbList","@id":"https:\/\/www.infosourds.be\/relais-signes#breadcrumb","itemListElement":[{"@type":"ListItem","position":1,"name":"Accueil","item":"https:\/\/www.infosourds.be\/"},{"@type":"ListItem","position":2,"name":"Relais Signes"}]},{"@type":"WebSite","@id":"https:\/\/www.infosourds.be\/#website","url":"https:\/\/www.infosourds.be\/","name":"infosourds.be","description":"Een persoon boven alles","publisher":{"@id":"https:\/\/www.infosourds.be\/#organization"},"potentialAction":[{"@type":"SearchAction","target":{"@type":"EntryPoint","urlTemplate":"https:\/\/www.infosourds.be\/?s={search_term_string}"},"query-input":{"@type":"PropertyValueSpecification","valueRequired":true,"valueName":"search_term_string"}}],"inLanguage":"nl-BE"},{"@type":"Organization","@id":"https:\/\/www.infosourds.be\/#organization","name":"Info-Sourds de Bruxelles","url":"https:\/\/www.infosourds.be\/","logo":{"@type":"ImageObject","inLanguage":"nl-BE","@id":"https:\/\/www.infosourds.be\/#\/schema\/logo\/image\/","url":"https:\/\/www.infosourds.be\/wp-content\/uploads\/2023\/03\/Logo_InfoSourds1.png","contentUrl":"https:\/\/www.infosourds.be\/wp-content\/uploads\/2023\/03\/Logo_InfoSourds1.png","width":114,"height":121,"caption":"Info-Sourds de Bruxelles"},"image":{"@id":"https:\/\/www.infosourds.be\/#\/schema\/logo\/image\/"},"sameAs":["https:\/\/www.facebook.com\/InfosourdsdeBxl","https:\/\/www.instagram.com\/infosourds_bxl\/","https:\/\/www.linkedin.com\/company\/22615107\/"]}]}},"campaignId":"","_links":{"self":[{"href":"https:\/\/www.infosourds.be\/nl\/wp-json\/wp\/v2\/pages\/33080","targetHints":{"allow":["GET"]}}],"collection":[{"href":"https:\/\/www.infosourds.be\/nl\/wp-json\/wp\/v2\/pages"}],"about":[{"href":"https:\/\/www.infosourds.be\/nl\/wp-json\/wp\/v2\/types\/page"}],"author":[{"embeddable":true,"href":"https:\/\/www.infosourds.be\/nl\/wp-json\/wp\/v2\/users\/10"}],"replies":[{"embeddable":true,"href":"https:\/\/www.infosourds.be\/nl\/wp-json\/wp\/v2\/comments?post=33080"}],"version-history":[{"count":21,"href":"https:\/\/www.infosourds.be\/nl\/wp-json\/wp\/v2\/pages\/33080\/revisions"}],"predecessor-version":[{"id":35336,"href":"https:\/\/www.infosourds.be\/nl\/wp-json\/wp\/v2\/pages\/33080\/revisions\/35336"}],"wp:featuredmedia":[{"embeddable":true,"href":"https:\/\/www.infosourds.be\/nl\/wp-json\/wp\/v2\/media\/33839"}],"wp:attachment":[{"href":"https:\/\/www.infosourds.be\/nl\/wp-json\/wp\/v2\/media?parent=33080"}],"curies":[{"name":"wp","href":"https:\/\/api.w.org\/{rel}","templated":true}]}}