{"id":30124,"date":"2021-10-05T12:12:00","date_gmt":"2021-10-05T10:12:00","guid":{"rendered":"https:\/\/www.infosourds.be\/?page_id=30124"},"modified":"2026-03-06T18:10:57","modified_gmt":"2026-03-06T17:10:57","slug":"activiteitenverslagen","status":"publish","type":"page","link":"https:\/\/www.infosourds.be\/nl\/qui-sommes-nous\/rapports-dactivite","title":{"rendered":"Activiteitenrapporten"},"content":{"rendered":"<p>[et_pb_section fb_built=\u00a0\u00bb1&Prime; admin_label=\u00a0\u00bbsection\u00a0\u00bb _builder_version=\u00a0\u00bb4.16&Prime; custom_margin=\u00a0\u00bb||82px|||\u00a0\u00bb custom_padding=\u00a0\u00bb0|0px|0|0px|false|false\u00a0\u00bb da_disable_devices=\u00a0\u00bboff|off|off\u00a0\u00bb global_colors_info=\u00a0\u00bb{}\u00a0\u00bb da_is_popup=\u00a0\u00bboff\u00a0\u00bb da_exit_intent=\u00a0\u00bboff\u00a0\u00bb da_has_close=\u00a0\u00bbon\u00a0\u00bb da_alt_close=\u00a0\u00bboff\u00a0\u00bb da_dark_close=\u00a0\u00bboff\u00a0\u00bb da_not_modal=\u00a0\u00bbon\u00a0\u00bb da_is_singular=\u00a0\u00bboff\u00a0\u00bb da_with_loader=\u00a0\u00bboff\u00a0\u00bb da_has_shadow=\u00a0\u00bbon\u00a0\u00bb][et_pb_row _builder_version=\u00a0\u00bb4.20.2&Prime; _module_preset=\u00a0\u00bbdefault\u00a0\u00bb global_colors_info=\u00a0\u00bb{}\u00a0\u00bb][et_pb_column type=\u00a0\u00bb4_4&Prime; _builder_version=\u00a0\u00bb4.20.2&Prime; _module_preset=\u00a0\u00bbdefault\u00a0\u00bb global_colors_info=\u00a0\u00bb{}\u00a0\u00bb][et_pb_text _builder_version=\u00a0\u00bb4.20.2&Prime; _module_preset=\u00a0\u00bbdefault\u00a0\u00bb global_colors_info=\u00a0\u00bb{}\u00a0\u00bb]<\/p>\n<h1 style=\"text-align: center;\"><span style=\"color: #000000;\"><strong>Rapports d\u2019activit\u00e9s<\/strong><\/span><\/h1>\n<p>[\/et_pb_text][\/et_pb_column][\/et_pb_row][et_pb_row _builder_version=\u00a0\u00bb4.21.0&Prime; _module_preset=\u00a0\u00bbdefault\u00a0\u00bb global_colors_info=\u00a0\u00bb{}\u00a0\u00bb][et_pb_column type=\u00a0\u00bb4_4&Prime; _builder_version=\u00a0\u00bb4.21.0&Prime; _module_preset=\u00a0\u00bbdefault\u00a0\u00bb global_colors_info=\u00a0\u00bb{}\u00a0\u00bb][et_pb_image src=\u00a0\u00bbhttps:\/\/www.infosourds.be\/wp-content\/uploads\/2025\/06\/Couverture-du-RA-2024.webp\u00a0\u00bb title_text=\u00a0\u00bbCouverture du RA 2024&Prime; url=\u00a0\u00bb@ET-DC@eyJkeW5hbWljIjp0cnVlLCJjb250ZW50IjoicG9zdF9saW5rX3VybF9hdHRhY2htZW50Iiwic2V0dGluZ3MiOnsicG9zdF9pZCI6IjM0NTE4In19@\u00a0\u00bb url_new_window=\u00a0\u00bbon\u00a0\u00bb _builder_version=\u00a0\u00bb4.27.5&Prime; _dynamic_attributes=\u00a0\u00bburl\u00a0\u00bb _module_preset=\u00a0\u00bbdefault\u00a0\u00bb width=\u00a0\u00bb44%\u00a0\u00bb hover_enabled=\u00a0\u00bb0&Prime; box_shadow_style=\u00a0\u00bbpreset6&Prime; global_colors_info=\u00a0\u00bb{}\u00a0\u00bb sticky_enabled=\u00a0\u00bb0&Prime;][\/et_pb_image][\/et_pb_column][\/et_pb_row][et_pb_row admin_label=\u00a0\u00bbrow\u00a0\u00bb _builder_version=\u00a0\u00bb4.16&Prime; background_size=\u00a0\u00bbinitial\u00a0\u00bb background_position=\u00a0\u00bbtop_left\u00a0\u00bb background_repeat=\u00a0\u00bbrepeat\u00a0\u00bb min_height=\u00a0\u00bb313px\u00a0\u00bb global_colors_info=\u00a0\u00bb{}\u00a0\u00bb][et_pb_column type=\u00a0\u00bb4_4&Prime; _builder_version=\u00a0\u00bb4.16&Prime; custom_padding=\u00a0\u00bb|||\u00a0\u00bb global_colors_info=\u00a0\u00bb{}\u00a0\u00bb custom_padding__hover=\u00a0\u00bb|||\u00a0\u00bb][et_pb_text admin_label=\u00a0\u00bbText\u00a0\u00bb _builder_version=\u00a0\u00bb4.27.4&Prime; text_font=\u00a0\u00bb||||||||\u00a0\u00bb background_size=\u00a0\u00bbinitial\u00a0\u00bb background_position=\u00a0\u00bbtop_left\u00a0\u00bb background_repeat=\u00a0\u00bbrepeat\u00a0\u00bb min_height=\u00a0\u00bb261px\u00a0\u00bb custom_padding=\u00a0\u00bb||||false|false\u00a0\u00bb global_colors_info=\u00a0\u00bb{}\u00a0\u00bb]<\/p>\n<p><strong>Les Rapports d&rsquo;activit\u00e9s pr\u00e9c\u00e9dents :<\/strong><\/p>\n<p><a href=\"https:\/\/www.infosourds.be\/wp-content\/uploads\/2024\/06\/Rapport-dactivite-2023-WEB.pdf\" target=\"_blank\" rel=\"noopener\">Rapport d&rsquo;activit\u00e9s 2023 &#8211; PDF<\/a><\/p>\n<p><a href=\"https:\/\/www.infosourds.be\/wp-content\/uploads\/2023\/09\/Rapport-dactivite-2022_WEB.pdf\" target=\"_blank\" rel=\"noopener\">Rapport d&rsquo;activit\u00e9s 2022 &#8211; PDF<\/a><\/p>\n<p><a href=\"https:\/\/www.infosourds.be\/wp-content\/uploads\/2023\/03\/Rapport-dactivite-2021.pdf\" rel=\"attachment wp-att-31288\">Rapport d&rsquo;activit\u00e9s 2021 &#8211; PDF<\/a><\/p>\n<p><a href=\"https:\/\/www.infosourds.be\/wp-content\/uploads\/2021\/07\/Y0009620_Rapport_Activite_Y00096201.pdf\" target=\"_blank\" rel=\"noopener\">Rapport d&rsquo;activit\u00e9s 2020 &#8211; PDF<\/a><\/p>\n<p>[\/et_pb_text][\/et_pb_column][\/et_pb_row][\/et_pb_section]<\/p>\n","protected":false},"excerpt":{"rendered":"<p>Rapports d\u2019activit\u00e9sLes Rapports d&rsquo;activit\u00e9s pr\u00e9c\u00e9dents : Rapport d&rsquo;activit\u00e9s 2023 &#8211; PDF Rapport d&rsquo;activit\u00e9s 2022 &#8211; PDF Rapport d&rsquo;activit\u00e9s 2021 &#8211; PDF Rapport d&rsquo;activit\u00e9s 2020 &#8211; PDF<\/p>","protected":false},"author":2,"featured_media":0,"parent":28640,"menu_order":5,"comment_status":"closed","ping_status":"closed","template":"","meta":{"give_campaign_id":0,"_et_pb_use_builder":"on","_et_pb_old_content":"","_et_gb_content_width":"","footnotes":""},"class_list":["post-30124","page","type-page","status-publish","hentry"],"yoast_head":"<!-- This site is optimized with the Yoast SEO plugin v27.4 - https:\/\/yoast.com\/product\/yoast-seo-wordpress\/ -->\n<title>Rapports d&#039;activit\u00e9s - Info-Sourds de Bruxelles<\/title>\n<meta name=\"description\" content=\"D\u00e9couvrez les diverses activit\u00e9s et r\u00e9alisations d&#039;Info-Sourds relatives \u00e0 nos offres de services au fil des ann\u00e9es.\" \/>\n<meta name=\"robots\" content=\"index, follow, max-snippet:-1, max-image-preview:large, max-video-preview:-1\" \/>\n<link rel=\"canonical\" href=\"https:\/\/www.infosourds.be\/nl\/wie-we-zijn\/activiteitenverslagen\" \/>\n<meta property=\"og:locale\" content=\"nl_BE\" \/>\n<meta property=\"og:type\" content=\"article\" \/>\n<meta property=\"og:title\" content=\"Rapports d&#039;activit\u00e9s - Info-Sourds de Bruxelles\" \/>\n<meta property=\"og:description\" content=\"D\u00e9couvrez les diverses activit\u00e9s et r\u00e9alisations d&#039;Info-Sourds relatives \u00e0 nos offres de services au fil des ann\u00e9es.\" \/>\n<meta property=\"og:url\" content=\"https:\/\/www.infosourds.be\/nl\/wie-we-zijn\/activiteitenverslagen\" \/>\n<meta property=\"og:site_name\" content=\"Info-Sourds de Bruxelles\" \/>\n<meta property=\"article:publisher\" content=\"https:\/\/www.facebook.com\/InfosourdsdeBxl\" \/>\n<meta property=\"article:modified_time\" content=\"2026-03-06T17:10:57+00:00\" \/>\n<meta name=\"twitter:card\" content=\"summary_large_image\" \/>\n<meta name=\"twitter:label1\" content=\"Geschatte leestijd\" \/>\n\t<meta name=\"twitter:data1\" content=\"1 minuut\" \/>\n<script type=\"application\/ld+json\" class=\"yoast-schema-graph\">{\"@context\":\"https:\\\/\\\/schema.org\",\"@graph\":[{\"@type\":\"WebPage\",\"@id\":\"https:\\\/\\\/www.infosourds.be\\\/qui-sommes-nous\\\/rapports-dactivite\",\"url\":\"https:\\\/\\\/www.infosourds.be\\\/qui-sommes-nous\\\/rapports-dactivite\",\"name\":\"Rapports d'activit\u00e9s - Info-Sourds de Bruxelles\",\"isPartOf\":{\"@id\":\"https:\\\/\\\/www.infosourds.be\\\/#website\"},\"datePublished\":\"2021-10-05T10:12:00+00:00\",\"dateModified\":\"2026-03-06T17:10:57+00:00\",\"description\":\"D\u00e9couvrez les diverses activit\u00e9s et r\u00e9alisations d'Info-Sourds relatives \u00e0 nos offres de services au fil des ann\u00e9es.\",\"breadcrumb\":{\"@id\":\"https:\\\/\\\/www.infosourds.be\\\/qui-sommes-nous\\\/rapports-dactivite#breadcrumb\"},\"inLanguage\":\"nl-BE\",\"potentialAction\":[{\"@type\":\"ReadAction\",\"target\":[\"https:\\\/\\\/www.infosourds.be\\\/qui-sommes-nous\\\/rapports-dactivite\"]}]},{\"@type\":\"BreadcrumbList\",\"@id\":\"https:\\\/\\\/www.infosourds.be\\\/qui-sommes-nous\\\/rapports-dactivite#breadcrumb\",\"itemListElement\":[{\"@type\":\"ListItem\",\"position\":1,\"name\":\"Accueil\",\"item\":\"https:\\\/\\\/www.infosourds.be\\\/\"},{\"@type\":\"ListItem\",\"position\":2,\"name\":\"QUI SOMMES-NOUS ?\",\"item\":\"https:\\\/\\\/www.infosourds.be\\\/qui-sommes-nous\"},{\"@type\":\"ListItem\",\"position\":3,\"name\":\"Rapports d&rsquo;activit\u00e9s\"}]},{\"@type\":\"WebSite\",\"@id\":\"https:\\\/\\\/www.infosourds.be\\\/#website\",\"url\":\"https:\\\/\\\/www.infosourds.be\\\/\",\"name\":\"infosourds.be\",\"description\":\"Une personne avant tout\",\"publisher\":{\"@id\":\"https:\\\/\\\/www.infosourds.be\\\/#organization\"},\"potentialAction\":[{\"@type\":\"SearchAction\",\"target\":{\"@type\":\"EntryPoint\",\"urlTemplate\":\"https:\\\/\\\/www.infosourds.be\\\/?s={search_term_string}\"},\"query-input\":{\"@type\":\"PropertyValueSpecification\",\"valueRequired\":true,\"valueName\":\"search_term_string\"}}],\"inLanguage\":\"nl-BE\"},{\"@type\":\"Organization\",\"@id\":\"https:\\\/\\\/www.infosourds.be\\\/#organization\",\"name\":\"Info-Sourds de Bruxelles\",\"url\":\"https:\\\/\\\/www.infosourds.be\\\/\",\"logo\":{\"@type\":\"ImageObject\",\"inLanguage\":\"nl-BE\",\"@id\":\"https:\\\/\\\/www.infosourds.be\\\/#\\\/schema\\\/logo\\\/image\\\/\",\"url\":\"https:\\\/\\\/www.infosourds.be\\\/wp-content\\\/uploads\\\/2023\\\/03\\\/Logo_InfoSourds1.png\",\"contentUrl\":\"https:\\\/\\\/www.infosourds.be\\\/wp-content\\\/uploads\\\/2023\\\/03\\\/Logo_InfoSourds1.png\",\"width\":114,\"height\":121,\"caption\":\"Info-Sourds de Bruxelles\"},\"image\":{\"@id\":\"https:\\\/\\\/www.infosourds.be\\\/#\\\/schema\\\/logo\\\/image\\\/\"},\"sameAs\":[\"https:\\\/\\\/www.facebook.com\\\/InfosourdsdeBxl\",\"https:\\\/\\\/www.instagram.com\\\/infosourds_bxl\\\/\",\"https:\\\/\\\/www.linkedin.com\\\/company\\\/22615107\\\/\"]}]}<\/script>\n<!-- \/ Yoast SEO plugin. -->","yoast_head_json":{"title":"Activiteitenverslagen - Info-Sourds de Bruxelles","description":"Ontdek de verschillende activiteiten en prestaties van Info-Sourds met betrekking tot onze dienstverlening door de jaren heen.","robots":{"index":"index","follow":"follow","max-snippet":"max-snippet:-1","max-image-preview":"max-image-preview:large","max-video-preview":"max-video-preview:-1"},"canonical":"https:\/\/www.infosourds.be\/nl\/wie-we-zijn\/activiteitenverslagen","og_locale":"nl_BE","og_type":"article","og_title":"Rapports d'activit\u00e9s - Info-Sourds de Bruxelles","og_description":"D\u00e9couvrez les diverses activit\u00e9s et r\u00e9alisations d'Info-Sourds relatives \u00e0 nos offres de services au fil des ann\u00e9es.","og_url":"https:\/\/www.infosourds.be\/nl\/wie-we-zijn\/activiteitenverslagen","og_site_name":"Info-Sourds de Bruxelles","article_publisher":"https:\/\/www.facebook.com\/InfosourdsdeBxl","article_modified_time":"2026-03-06T17:10:57+00:00","twitter_card":"summary_large_image","twitter_misc":{"Geschatte leestijd":"1 minuut"},"schema":{"@context":"https:\/\/schema.org","@graph":[{"@type":"WebPage","@id":"https:\/\/www.infosourds.be\/qui-sommes-nous\/rapports-dactivite","url":"https:\/\/www.infosourds.be\/qui-sommes-nous\/rapports-dactivite","name":"Activiteitenverslagen - Info-Sourds de Bruxelles","isPartOf":{"@id":"https:\/\/www.infosourds.be\/#website"},"datePublished":"2021-10-05T10:12:00+00:00","dateModified":"2026-03-06T17:10:57+00:00","description":"Ontdek de verschillende activiteiten en prestaties van Info-Sourds met betrekking tot onze dienstverlening door de jaren heen.","breadcrumb":{"@id":"https:\/\/www.infosourds.be\/qui-sommes-nous\/rapports-dactivite#breadcrumb"},"inLanguage":"nl-BE","potentialAction":[{"@type":"ReadAction","target":["https:\/\/www.infosourds.be\/qui-sommes-nous\/rapports-dactivite"]}]},{"@type":"BreadcrumbList","@id":"https:\/\/www.infosourds.be\/qui-sommes-nous\/rapports-dactivite#breadcrumb","itemListElement":[{"@type":"ListItem","position":1,"name":"Accueil","item":"https:\/\/www.infosourds.be\/"},{"@type":"ListItem","position":2,"name":"QUI SOMMES-NOUS ?","item":"https:\/\/www.infosourds.be\/qui-sommes-nous"},{"@type":"ListItem","position":3,"name":"Rapports d&rsquo;activit\u00e9s"}]},{"@type":"WebSite","@id":"https:\/\/www.infosourds.be\/#website","url":"https:\/\/www.infosourds.be\/","name":"infosourds.be","description":"Een persoon boven alles","publisher":{"@id":"https:\/\/www.infosourds.be\/#organization"},"potentialAction":[{"@type":"SearchAction","target":{"@type":"EntryPoint","urlTemplate":"https:\/\/www.infosourds.be\/?s={search_term_string}"},"query-input":{"@type":"PropertyValueSpecification","valueRequired":true,"valueName":"search_term_string"}}],"inLanguage":"nl-BE"},{"@type":"Organization","@id":"https:\/\/www.infosourds.be\/#organization","name":"Info-Sourds de Bruxelles","url":"https:\/\/www.infosourds.be\/","logo":{"@type":"ImageObject","inLanguage":"nl-BE","@id":"https:\/\/www.infosourds.be\/#\/schema\/logo\/image\/","url":"https:\/\/www.infosourds.be\/wp-content\/uploads\/2023\/03\/Logo_InfoSourds1.png","contentUrl":"https:\/\/www.infosourds.be\/wp-content\/uploads\/2023\/03\/Logo_InfoSourds1.png","width":114,"height":121,"caption":"Info-Sourds de Bruxelles"},"image":{"@id":"https:\/\/www.infosourds.be\/#\/schema\/logo\/image\/"},"sameAs":["https:\/\/www.facebook.com\/InfosourdsdeBxl","https:\/\/www.instagram.com\/infosourds_bxl\/","https:\/\/www.linkedin.com\/company\/22615107\/"]}]}},"campaignId":"","_links":{"self":[{"href":"https:\/\/www.infosourds.be\/nl\/wp-json\/wp\/v2\/pages\/30124","targetHints":{"allow":["GET"]}}],"collection":[{"href":"https:\/\/www.infosourds.be\/nl\/wp-json\/wp\/v2\/pages"}],"about":[{"href":"https:\/\/www.infosourds.be\/nl\/wp-json\/wp\/v2\/types\/page"}],"author":[{"embeddable":true,"href":"https:\/\/www.infosourds.be\/nl\/wp-json\/wp\/v2\/users\/2"}],"replies":[{"embeddable":true,"href":"https:\/\/www.infosourds.be\/nl\/wp-json\/wp\/v2\/comments?post=30124"}],"version-history":[{"count":42,"href":"https:\/\/www.infosourds.be\/nl\/wp-json\/wp\/v2\/pages\/30124\/revisions"}],"predecessor-version":[{"id":35306,"href":"https:\/\/www.infosourds.be\/nl\/wp-json\/wp\/v2\/pages\/30124\/revisions\/35306"}],"up":[{"embeddable":true,"href":"https:\/\/www.infosourds.be\/nl\/wp-json\/wp\/v2\/pages\/28640"}],"wp:attachment":[{"href":"https:\/\/www.infosourds.be\/nl\/wp-json\/wp\/v2\/media?parent=30124"}],"curies":[{"name":"wp","href":"https:\/\/api.w.org\/{rel}","templated":true}]}}