{"id":28987,"date":"2018-09-03T00:12:32","date_gmt":"2018-09-02T22:12:32","guid":{"rendered":"https:\/\/www.dev-imago.be\/?page_id=28987"},"modified":"2026-03-06T19:05:22","modified_gmt":"2026-03-06T18:05:22","slug":"ondersteuning-werkgelegenheid-training","status":"publish","type":"page","link":"https:\/\/www.infosourds.be\/nl\/accompagnement-emploi-formations","title":{"rendered":"Werkgelegenheid en opleiding"},"content":{"rendered":"<p>[et_pb_section fb_built=\u00a0\u00bb1&Prime; _builder_version=\u00a0\u00bb4.16&Prime; custom_padding=\u00a0\u00bb0|0px|0|0px|false|false\u00a0\u00bb da_disable_devices=\u00a0\u00bboff|off|off\u00a0\u00bb global_colors_info=\u00a0\u00bb{}\u00a0\u00bb da_is_popup=\u00a0\u00bboff\u00a0\u00bb da_exit_intent=\u00a0\u00bboff\u00a0\u00bb da_has_close=\u00a0\u00bbon\u00a0\u00bb da_alt_close=\u00a0\u00bboff\u00a0\u00bb da_dark_close=\u00a0\u00bboff\u00a0\u00bb da_not_modal=\u00a0\u00bbon\u00a0\u00bb da_is_singular=\u00a0\u00bboff\u00a0\u00bb da_with_loader=\u00a0\u00bboff\u00a0\u00bb da_has_shadow=\u00a0\u00bbon\u00a0\u00bb][et_pb_row _builder_version=\u00a0\u00bb4.16&Prime; background_size=\u00a0\u00bbinitial\u00a0\u00bb background_position=\u00a0\u00bbtop_left\u00a0\u00bb background_repeat=\u00a0\u00bbrepeat\u00a0\u00bb global_colors_info=\u00a0\u00bb{}\u00a0\u00bb][et_pb_column type=\u00a0\u00bb4_4&Prime; _builder_version=\u00a0\u00bb4.16&Prime; custom_padding=\u00a0\u00bb|||\u00a0\u00bb global_colors_info=\u00a0\u00bb{}\u00a0\u00bb custom_padding__hover=\u00a0\u00bb|||\u00a0\u00bb][et_pb_text admin_label=\u00a0\u00bbSlogan\u00a0\u00bb _builder_version=\u00a0\u00bb4.27.5&Prime; hover_enabled=\u00a0\u00bb0&Prime; global_colors_info=\u00a0\u00bb{}\u00a0\u00bb sticky_enabled=\u00a0\u00bb0&Prime;]<\/p>\n<h1 style=\"text-align: center;\"><strong style=\"color: #3366ff; font-size: 26px;\">Accompagnement Emploi<\/strong><strong><\/strong><\/h1>\n<h2 style=\"text-align: center;\">Nous accompagnons les personnes sourdes et malentendantes<\/h2>\n<h2 style=\"text-align: center;\">dans leur recherche d\u2019emploi<\/h2>\n<p>[\/et_pb_text][\/et_pb_column][\/et_pb_row][\/et_pb_section][et_pb_section fb_built=\u00a0\u00bb1&Prime; _builder_version=\u00a0\u00bb4.16&Prime; custom_padding=\u00a0\u00bb0|0px|0|0px|false|false\u00a0\u00bb custom_css_main_element=\u00a0\u00bboverflow: visible;\u00a0\u00bb da_disable_devices=\u00a0\u00bboff|off|off\u00a0\u00bb global_colors_info=\u00a0\u00bb{}\u00a0\u00bb da_is_popup=\u00a0\u00bboff\u00a0\u00bb da_exit_intent=\u00a0\u00bboff\u00a0\u00bb da_has_close=\u00a0\u00bbon\u00a0\u00bb da_alt_close=\u00a0\u00bboff\u00a0\u00bb da_dark_close=\u00a0\u00bboff\u00a0\u00bb da_not_modal=\u00a0\u00bbon\u00a0\u00bb da_is_singular=\u00a0\u00bboff\u00a0\u00bb da_with_loader=\u00a0\u00bboff\u00a0\u00bb da_has_shadow=\u00a0\u00bbon\u00a0\u00bb][et_pb_row _builder_version=\u00a0\u00bb4.20.2&Prime; _module_preset=\u00a0\u00bbdefault\u00a0\u00bb min_height=\u00a0\u00bb1114.7px\u00a0\u00bb global_colors_info=\u00a0\u00bb{}\u00a0\u00bb][et_pb_column type=\u00a0\u00bb4_4&Prime; _builder_version=\u00a0\u00bb4.20.2&Prime; _module_preset=\u00a0\u00bbdefault\u00a0\u00bb global_colors_info=\u00a0\u00bb{}\u00a0\u00bb][et_pb_text _builder_version=\u00a0\u00bb4.21.0&Prime; _module_preset=\u00a0\u00bbdefault\u00a0\u00bb global_colors_info=\u00a0\u00bb{}\u00a0\u00bb]<\/p>\n<p>Alors que le travail est un droit fondamental, son acc\u00e8s reste un d\u00e9fi pour bon nombre de personnes y aspirant, en ce compris les personnes sourdes et malentendantes en R\u00e9gion bruxelloise. Info-Sourds de Bruxelles, en partenariat avec Actiris, propose, de ce fait, un accompagnement GRATUIT et cibl\u00e9 tout au long des diff\u00e9rentes \u00e9tapes de la recherche d&#8217;emploi.<\/p>\n\n\t\t\t<div class='et-tabs-container et_sliderfx_fade et_sliderauto_false et_sliderauto_speed_5000 et_slidertype_top_tabs'>\n\t\t\t\t<ul class='et-tabs-control'>\n\t\t\t<li><a href='#'>\n\t\t\t<strong>CHERCHEUR D&rsquo;EMPLOI<\/strong>\n\t\t<\/a><\/li> \n\t\t<li><a href='#'>\n\t\t\t<strong>TRAVAILLEUR R<span>\u00c9<\/span>CEMMENT ENGAG<span>\u00c9<\/span><\/strong>\n\t\t<\/a><\/li>\n\t\t<\/ul> \n\t\t<div class='et-tabs-content'>\n\t\t\t<div class='et-tabs-content-main-wrap'>\n\t\t\t\t<div class='et-tabs-content-wrapper'>\n\t\t\t\t\t<div class='et_slidecontent'>\n\t\t\t<p>Dans un travail collaboratif, le chercheur d\u2019emploi et l\u2019accompagnateur d\u00e9terminent ensemble le projet professionnel, support\u00e9 par un ensemble d\u2019actions visant \u00e0 renforcer les comp\u00e9tences et r\u00e9duire l\u2019impact des facteurs bloquant dans l\u2019insertion professionnelle de la personne.<\/p>\n<p>Cela se d\u00e9finit comme suit\u00a0:<\/p>\n<ul>\n<li>Inscription chez Actiris<\/li>\n<li>Proposition de stage ou de Contrat d&rsquo;Adaptation Professionnelle (CAP)<\/li>\n<li>Conseils et orientation<\/li>\n<li>Aide \u00e0 la cr\u00e9ation d\u2019un CV et d\u2019une lettre de motivation<\/li>\n<li>Apport d\u2019outils et aide au d\u00e9veloppement des comp\u00e9tences<\/li>\n<li>Pr\u00e9paration et accompagnement aux entretiens d\u2019embauche<\/li>\n<li>Suivi apr\u00e8s signature du contrat<\/li>\n<li>Etc.<\/li>\n<\/ul>\n<ul><\/ul>\n<p><iframe loading=\"lazy\" title=\"Accompagnement Emploi - Que proposons nous ?\" width=\"1080\" height=\"608\" src=\"https:\/\/www.youtube.com\/embed\/yl3amlaZWZM?feature=oembed\"  allow=\"accelerometer; autoplay; clipboard-write; encrypted-media; gyroscope; picture-in-picture; web-share\" allowfullscreen><\/iframe><\/p>\n\t\t<\/div> \n\t\t<div class='et_slidecontent'>\n\t\t\t<p>Pour les personnes sourdes et malentendantes r\u00e9cemment engag\u00e9es gr\u00e2ce au service Emploi d&rsquo;Info-Sourds, nous offrons un accompagnement global avant, pendant et apr\u00e8s signature de contrat. L\u2019accompagnement du service offre ainsi :<\/p>\n<ul>\n<li>Conseils et informations aupr\u00e8s des employeurs<\/li>\n<li>Aide administrative au niveau des demandes d\u2019am\u00e9nagements raisonnables<\/li>\n<li>Aide dans les d\u00e9marches administratives pour l\u2019obtention d\u2019autorisation de travail en entreprise de travail adapt\u00e9 (ETA)<\/li>\n<li>Suivi durant la premi\u00e8re ann\u00e9e<\/li>\n<li>Accompagnement et conseils vers des formations adapt\u00e9es<\/li>\n<\/ul>\n\t\t<\/div>\n\t\t\t\t<\/div>\n\t\t\t<\/div>\n\t\t<\/div>\n\t\t\t<\/div>\n<ul><\/ul>\n<p>[\/et_pb_text][\/et_pb_column][\/et_pb_row][\/et_pb_section][et_pb_section fb_built=\u00a0\u00bb1&Prime; _builder_version=\u00a0\u00bb4.16&Prime; custom_padding=\u00a0\u00bb0|0px|0|0px|false|false\u00a0\u00bb custom_css_main_element=\u00a0\u00bboverflow: visible;\u00a0\u00bb da_disable_devices=\u00a0\u00bboff|off|off\u00a0\u00bb global_colors_info=\u00a0\u00bb{}\u00a0\u00bb da_is_popup=\u00a0\u00bboff\u00a0\u00bb da_exit_intent=\u00a0\u00bboff\u00a0\u00bb da_has_close=\u00a0\u00bbon\u00a0\u00bb da_alt_close=\u00a0\u00bboff\u00a0\u00bb da_dark_close=\u00a0\u00bboff\u00a0\u00bb da_not_modal=\u00a0\u00bbon\u00a0\u00bb da_is_singular=\u00a0\u00bboff\u00a0\u00bb da_with_loader=\u00a0\u00bboff\u00a0\u00bb da_has_shadow=\u00a0\u00bbon\u00a0\u00bb][et_pb_row column_structure=\u00a0\u00bb1_2,1_2&Prime; _builder_version=\u00a0\u00bb4.16&Prime; min_height=\u00a0\u00bb378.8px\u00a0\u00bb custom_margin=\u00a0\u00bb|auto|-57px|auto||\u00a0\u00bb custom_padding=\u00a0\u00bb62px|0px|0px|0px|false|false\u00a0\u00bb global_colors_info=\u00a0\u00bb{}\u00a0\u00bb][et_pb_column type=\u00a0\u00bb1_2&Prime; _builder_version=\u00a0\u00bb4.16&Prime; custom_padding=\u00a0\u00bb|||\u00a0\u00bb global_colors_info=\u00a0\u00bb{}\u00a0\u00bb custom_padding__hover=\u00a0\u00bb|||\u00a0\u00bb][et_pb_text admin_label=\u00a0\u00bbPour qui ?\u00a0\u00bb _builder_version=\u00a0\u00bb4.20.2&Prime; custom_padding=\u00a0\u00bb|||0px||\u00a0\u00bb global_colors_info=\u00a0\u00bb{}\u00a0\u00bb]<\/p>\n<h2><strong>Conditions<\/strong><\/h2>\n<ul>\n<li>+ 18 ans<\/li>\n<li><span>\u00ca<\/span>tre une personne sourde ou malentendante<\/li>\n<li><span>\u00ca<\/span>tre domicili\u00e9 \u00e0 Bruxelles<\/li>\n<li><span>\u00ca<\/span>tre inscrit comme demandeur d&#8217;emploi chez Actiris<\/li>\n<\/ul>\n<p>[\/et_pb_text][\/et_pb_column][et_pb_column type=\u00a0\u00bb1_2&Prime; _builder_version=\u00a0\u00bb4.16&Prime; custom_padding=\u00a0\u00bb|||\u00a0\u00bb global_colors_info=\u00a0\u00bb{}\u00a0\u00bb custom_padding__hover=\u00a0\u00bb|||\u00a0\u00bb][et_pb_video src=\u00a0\u00bbhttps:\/\/youtu.be\/vze-0u0g6ik\u00a0\u00bb _builder_version=\u00a0\u00bb4.20.2&Prime; min_height=\u00a0\u00bb303.8px\u00a0\u00bb custom_margin=\u00a0\u00bb-16px||-24px|||\u00a0\u00bb global_colors_info=\u00a0\u00bb{}\u00a0\u00bb][\/et_pb_video][\/et_pb_column][\/et_pb_row][et_pb_row column_structure=\u00a0\u00bb1_2,1_2&Prime; _builder_version=\u00a0\u00bb4.16&Prime; min_height=\u00a0\u00bb269px\u00a0\u00bb custom_margin=\u00a0\u00bb54px|auto||auto||\u00a0\u00bb custom_padding=\u00a0\u00bb0px|0px|0px|0px|false|false\u00a0\u00bb global_colors_info=\u00a0\u00bb{}\u00a0\u00bb][et_pb_column type=\u00a0\u00bb1_2&Prime; _builder_version=\u00a0\u00bb4.16&Prime; custom_padding=\u00a0\u00bb|||\u00a0\u00bb global_colors_info=\u00a0\u00bb{}\u00a0\u00bb custom_padding__hover=\u00a0\u00bb|||\u00a0\u00bb][et_pb_text admin_label=\u00a0\u00bbPour qui ?\u00a0\u00bb _builder_version=\u00a0\u00bb4.20.2&Prime; custom_padding=\u00a0\u00bb|||0px||\u00a0\u00bb global_colors_info=\u00a0\u00bb{}\u00a0\u00bb]<\/p>\n<div style=\"font-size: medium;\">\n<h2><strong>Horaire<\/strong><\/h2>\n<div>\n<p>Du lundi au vendredi, de 9h \u00e0 17h sur rendez-vous en nos bureaux ou lors d&rsquo;accompagnements ext\u00e9rieurs.<\/p>\n<h2><strong>Contact<\/strong><\/h2>\n<div>\n<p>T\u00e9l\u00e9phone : 02 644 68 90<br \/><span>GSM via WhatsApp, SMS ou vid\u00e9o\u00a0<\/span> : 0472 42 23 80, 0486 29 67 05 ou 0489 34 86 00<br \/><strong><a href=\"mailto:emploi@infosourds.be\" target=\"_blank\" rel=\"noopener\">Email Emploi<\/a><\/strong><\/p>\n<\/div>\n<p>&nbsp;<\/p>\n<\/div>\n<\/div>\n<p>[\/et_pb_text][\/et_pb_column][et_pb_column type=\u00a0\u00bb1_2&Prime; _builder_version=\u00a0\u00bb4.16&Prime; custom_padding=\u00a0\u00bb|||\u00a0\u00bb global_colors_info=\u00a0\u00bb{}\u00a0\u00bb custom_padding__hover=\u00a0\u00bb|||\u00a0\u00bb][et_pb_video src=\u00a0\u00bbhttps:\/\/youtu.be\/c9EFyDWvZ58&Prime; _builder_version=\u00a0\u00bb4.20.2&Prime; custom_padding=\u00a0\u00bb0px|||||\u00a0\u00bb global_colors_info=\u00a0\u00bb{}\u00a0\u00bb][\/et_pb_video][\/et_pb_column][\/et_pb_row][\/et_pb_section][et_pb_section fb_built=\u00a0\u00bb1&Prime; _builder_version=\u00a0\u00bb4.16&Prime; custom_padding=\u00a0\u00bb0|0px|0|0px|false|false\u00a0\u00bb custom_css_main_element=\u00a0\u00bboverflow: visible;\u00a0\u00bb da_disable_devices=\u00a0\u00bboff|off|off\u00a0\u00bb global_colors_info=\u00a0\u00bb{}\u00a0\u00bb da_is_popup=\u00a0\u00bboff\u00a0\u00bb da_exit_intent=\u00a0\u00bboff\u00a0\u00bb da_has_close=\u00a0\u00bbon\u00a0\u00bb da_alt_close=\u00a0\u00bboff\u00a0\u00bb da_dark_close=\u00a0\u00bboff\u00a0\u00bb da_not_modal=\u00a0\u00bbon\u00a0\u00bb da_is_singular=\u00a0\u00bboff\u00a0\u00bb da_with_loader=\u00a0\u00bboff\u00a0\u00bb da_has_shadow=\u00a0\u00bbon\u00a0\u00bb][et_pb_row _builder_version=\u00a0\u00bb4.20.2&Prime; _module_preset=\u00a0\u00bbdefault\u00a0\u00bb global_colors_info=\u00a0\u00bb{}\u00a0\u00bb][et_pb_column type=\u00a0\u00bb4_4&Prime; _builder_version=\u00a0\u00bb4.20.2&Prime; _module_preset=\u00a0\u00bbdefault\u00a0\u00bb global_colors_info=\u00a0\u00bb{}\u00a0\u00bb][et_pb_text _builder_version=\u00a0\u00bb4.22.1&Prime; _module_preset=\u00a0\u00bbdefault\u00a0\u00bb global_colors_info=\u00a0\u00bb{}\u00a0\u00bb]<\/p>\n<h2><strong>Vous n\u2019\u00eates pas satisfaits ?<\/strong><\/h2>\n<p><span>Les b\u00e9n\u00e9ficiaires ont le droit de porter plainte, pour diverses raisons (par exemple, la qualit\u00e9 du service)<\/span><\/p>\n<div>\n<p>Les plaintes sont \u00e0 envoyer \u00e0 :<\/p>\n<ul>\n<li>par Email : <a href=\"mailto:direction@infosourds.be\" target=\"_blank\" rel=\"noopener\" title=\"Email Direction\"><strong>Email Direction<\/strong><\/a><\/li>\n<li>via le<a href=\"https:\/\/www.infosourds.be\/reclamation-emploi\/\" target=\"_blank\" rel=\"noopener\"><span>\u00a0<\/span><strong>formulaire de r\u00e9clamation<\/strong><\/a><\/li>\n<li><strong><span>\u00e0 l&rsquo;inspection du FGC conform\u00e9ment \u00e0 l&rsquo;article 110 du d\u00e9cret du 17\/01\/2014 concernant l&rsquo;inclusion de la personne en situation de handicap<\/span><\/strong><\/li>\n<\/ul>\n<\/div>\n<p>[\/et_pb_text][\/et_pb_column][\/et_pb_row][\/et_pb_section][et_pb_section fb_built=\u00a0\u00bb1&Prime; _builder_version=\u00a0\u00bb4.20.2&Prime; _module_preset=\u00a0\u00bbdefault\u00a0\u00bb da_disable_devices=\u00a0\u00bboff|off|off\u00a0\u00bb global_colors_info=\u00a0\u00bb{}\u00a0\u00bb da_is_popup=\u00a0\u00bboff\u00a0\u00bb da_exit_intent=\u00a0\u00bboff\u00a0\u00bb da_has_close=\u00a0\u00bbon\u00a0\u00bb da_alt_close=\u00a0\u00bboff\u00a0\u00bb da_dark_close=\u00a0\u00bboff\u00a0\u00bb da_not_modal=\u00a0\u00bbon\u00a0\u00bb da_is_singular=\u00a0\u00bboff\u00a0\u00bb da_with_loader=\u00a0\u00bboff\u00a0\u00bb da_has_shadow=\u00a0\u00bbon\u00a0\u00bb][et_pb_row _builder_version=\u00a0\u00bb4.20.2&Prime; _module_preset=\u00a0\u00bbdefault\u00a0\u00bb global_colors_info=\u00a0\u00bb{}\u00a0\u00bb][et_pb_column type=\u00a0\u00bb4_4&Prime; _builder_version=\u00a0\u00bb4.20.2&Prime; _module_preset=\u00a0\u00bbdefault\u00a0\u00bb global_colors_info=\u00a0\u00bb{}\u00a0\u00bb][et_pb_cta title=\u00a0\u00bbEmployeurs cliquez !\u00a0\u00bb button_url=\u00a0\u00bbhttps:\/\/infosourds-emploi.be\/\u00a0\u00bb button_text=\u00a0\u00bbPLUS D&rsquo;INFO\u00a0\u00bb _builder_version=\u00a0\u00bb4.21.0&Prime; _module_preset=\u00a0\u00bbdefault\u00a0\u00bb header_font=\u00a0\u00bb|||on|||||\u00a0\u00bb body_font=\u00a0\u00bb||||||||\u00a0\u00bb background_color=\u00a0\u00bb#336cd4&Prime; custom_button=\u00a0\u00bbon\u00a0\u00bb button_text_color=\u00a0\u00bb#ffb429&Prime; button_font=\u00a0\u00bbArial||||||||\u00a0\u00bb border_radii=\u00a0\u00bbon|12px|12px|12px|12px\u00a0\u00bb global_colors_info=\u00a0\u00bb{}\u00a0\u00bb]<\/p>\n<p>En tant qu&#8217;employeur, vous vous demandez quels sont les avantages ou les am\u00e9nagements ou pr\u00e9requis \u00e0 conna\u00eetre avant d&rsquo;engager une personne pr\u00e9sentant une d\u00e9ficience auditive ?<\/p>\n<p>[\/et_pb_cta][\/et_pb_column][\/et_pb_row][\/et_pb_section]<\/p>\n","protected":false},"excerpt":{"rendered":"<p>Accompagnement Emploi Nous accompagnons les personnes sourdes et malentendantes dans leur recherche d\u2019emploiAlors que le travail est un droit fondamental, son acc\u00e8s reste un d\u00e9fi pour bon nombre de personnes y aspirant, en ce compris les personnes sourdes et malentendantes en R\u00e9gion bruxelloise. Info-Sourds de Bruxelles, en partenariat avec Actiris, propose, de ce fait, un [&hellip;]<\/p>\n","protected":false},"author":2,"featured_media":0,"parent":0,"menu_order":2,"comment_status":"closed","ping_status":"closed","template":"","meta":{"give_campaign_id":0,"_et_pb_use_builder":"on","_et_pb_old_content":"","_et_gb_content_width":"","footnotes":""},"class_list":["post-28987","page","type-page","status-publish","hentry"],"yoast_head":"<!-- This site is optimized with the Yoast SEO plugin v27.2 - https:\/\/yoast.com\/product\/yoast-seo-wordpress\/ -->\n<title>Accompagnement Emploi et Formations - Info-Sourds de Bruxelles<\/title>\n<meta name=\"description\" content=\"Nous proposons, en partenariat avec Actiris, un accompagnement cibl\u00e9 lors de la recherche d\u2019emploi des personnes sourdes et malentendantes.\" \/>\n<meta name=\"robots\" content=\"index, follow, max-snippet:-1, max-image-preview:large, max-video-preview:-1\" \/>\n<link rel=\"canonical\" href=\"https:\/\/www.infosourds.be\/nl\/ondersteuning-werkgelegenheid-training\" \/>\n<meta property=\"og:locale\" content=\"nl_BE\" \/>\n<meta property=\"og:type\" content=\"article\" \/>\n<meta property=\"og:title\" content=\"Accompagnement Emploi et Formations - Info-Sourds de Bruxelles\" \/>\n<meta property=\"og:description\" content=\"Nous proposons, en partenariat avec Actiris, un accompagnement cibl\u00e9 lors de la recherche d\u2019emploi des personnes sourdes et malentendantes.\" \/>\n<meta property=\"og:url\" content=\"https:\/\/www.infosourds.be\/nl\/ondersteuning-werkgelegenheid-training\" \/>\n<meta property=\"og:site_name\" content=\"Info-Sourds de Bruxelles\" \/>\n<meta property=\"article:publisher\" content=\"https:\/\/www.facebook.com\/InfosourdsdeBxl\" \/>\n<meta property=\"article:modified_time\" content=\"2026-03-06T18:05:22+00:00\" \/>\n<meta name=\"twitter:card\" content=\"summary_large_image\" \/>\n<meta name=\"twitter:label1\" content=\"Geschatte leestijd\" \/>\n\t<meta name=\"twitter:data1\" content=\"3 minuten\" \/>\n<script type=\"application\/ld+json\" class=\"yoast-schema-graph\">{\"@context\":\"https:\/\/schema.org\",\"@graph\":[{\"@type\":\"WebPage\",\"@id\":\"https:\/\/www.infosourds.be\/accompagnement-emploi-formations\",\"url\":\"https:\/\/www.infosourds.be\/accompagnement-emploi-formations\",\"name\":\"Accompagnement Emploi et Formations - Info-Sourds de Bruxelles\",\"isPartOf\":{\"@id\":\"https:\/\/www.infosourds.be\/#website\"},\"datePublished\":\"2018-09-02T22:12:32+00:00\",\"dateModified\":\"2026-03-06T18:05:22+00:00\",\"description\":\"Nous proposons, en partenariat avec Actiris, un accompagnement cibl\u00e9 lors de la recherche d\u2019emploi des personnes sourdes et malentendantes.\",\"breadcrumb\":{\"@id\":\"https:\/\/www.infosourds.be\/accompagnement-emploi-formations#breadcrumb\"},\"inLanguage\":\"nl-BE\",\"potentialAction\":[{\"@type\":\"ReadAction\",\"target\":[\"https:\/\/www.infosourds.be\/accompagnement-emploi-formations\"]}]},{\"@type\":\"BreadcrumbList\",\"@id\":\"https:\/\/www.infosourds.be\/accompagnement-emploi-formations#breadcrumb\",\"itemListElement\":[{\"@type\":\"ListItem\",\"position\":1,\"name\":\"Accueil\",\"item\":\"https:\/\/www.infosourds.be\/\"},{\"@type\":\"ListItem\",\"position\":2,\"name\":\"Accompagnement Emploi et Formations\"}]},{\"@type\":\"WebSite\",\"@id\":\"https:\/\/www.infosourds.be\/#website\",\"url\":\"https:\/\/www.infosourds.be\/\",\"name\":\"infosourds.be\",\"description\":\"Une personne avant tout\",\"publisher\":{\"@id\":\"https:\/\/www.infosourds.be\/#organization\"},\"potentialAction\":[{\"@type\":\"SearchAction\",\"target\":{\"@type\":\"EntryPoint\",\"urlTemplate\":\"https:\/\/www.infosourds.be\/?s={search_term_string}\"},\"query-input\":{\"@type\":\"PropertyValueSpecification\",\"valueRequired\":true,\"valueName\":\"search_term_string\"}}],\"inLanguage\":\"nl-BE\"},{\"@type\":\"Organization\",\"@id\":\"https:\/\/www.infosourds.be\/#organization\",\"name\":\"Info-Sourds de Bruxelles\",\"url\":\"https:\/\/www.infosourds.be\/\",\"logo\":{\"@type\":\"ImageObject\",\"inLanguage\":\"nl-BE\",\"@id\":\"https:\/\/www.infosourds.be\/#\/schema\/logo\/image\/\",\"url\":\"https:\/\/www.infosourds.be\/wp-content\/uploads\/2023\/03\/Logo_InfoSourds1.png\",\"contentUrl\":\"https:\/\/www.infosourds.be\/wp-content\/uploads\/2023\/03\/Logo_InfoSourds1.png\",\"width\":114,\"height\":121,\"caption\":\"Info-Sourds de Bruxelles\"},\"image\":{\"@id\":\"https:\/\/www.infosourds.be\/#\/schema\/logo\/image\/\"},\"sameAs\":[\"https:\/\/www.facebook.com\/InfosourdsdeBxl\",\"https:\/\/www.instagram.com\/infosourds_bxl\/\",\"https:\/\/www.linkedin.com\/company\/22615107\/\"]}]}<\/script>\n<!-- \/ Yoast SEO plugin. -->","yoast_head_json":{"title":"Werkgelegenheid en opleiding - Info-Sourds de Bruxelles","description":"In samenwerking met Actiris bieden we gerichte ondersteuning voor doven en slechthorenden die op zoek zijn naar werk.","robots":{"index":"index","follow":"follow","max-snippet":"max-snippet:-1","max-image-preview":"max-image-preview:large","max-video-preview":"max-video-preview:-1"},"canonical":"https:\/\/www.infosourds.be\/nl\/ondersteuning-werkgelegenheid-training","og_locale":"nl_BE","og_type":"article","og_title":"Accompagnement Emploi et Formations - Info-Sourds de Bruxelles","og_description":"Nous proposons, en partenariat avec Actiris, un accompagnement cibl\u00e9 lors de la recherche d\u2019emploi des personnes sourdes et malentendantes.","og_url":"https:\/\/www.infosourds.be\/nl\/ondersteuning-werkgelegenheid-training","og_site_name":"Info-Sourds de Bruxelles","article_publisher":"https:\/\/www.facebook.com\/InfosourdsdeBxl","article_modified_time":"2026-03-06T18:05:22+00:00","twitter_card":"summary_large_image","twitter_misc":{"Geschatte leestijd":"3 minuten"},"schema":{"@context":"https:\/\/schema.org","@graph":[{"@type":"WebPage","@id":"https:\/\/www.infosourds.be\/accompagnement-emploi-formations","url":"https:\/\/www.infosourds.be\/accompagnement-emploi-formations","name":"Werkgelegenheid en opleiding - Info-Sourds de Bruxelles","isPartOf":{"@id":"https:\/\/www.infosourds.be\/#website"},"datePublished":"2018-09-02T22:12:32+00:00","dateModified":"2026-03-06T18:05:22+00:00","description":"In samenwerking met Actiris bieden we gerichte ondersteuning voor doven en slechthorenden die op zoek zijn naar werk.","breadcrumb":{"@id":"https:\/\/www.infosourds.be\/accompagnement-emploi-formations#breadcrumb"},"inLanguage":"nl-BE","potentialAction":[{"@type":"ReadAction","target":["https:\/\/www.infosourds.be\/accompagnement-emploi-formations"]}]},{"@type":"BreadcrumbList","@id":"https:\/\/www.infosourds.be\/accompagnement-emploi-formations#breadcrumb","itemListElement":[{"@type":"ListItem","position":1,"name":"Accueil","item":"https:\/\/www.infosourds.be\/"},{"@type":"ListItem","position":2,"name":"Accompagnement Emploi et Formations"}]},{"@type":"WebSite","@id":"https:\/\/www.infosourds.be\/#website","url":"https:\/\/www.infosourds.be\/","name":"infosourds.be","description":"Een persoon boven alles","publisher":{"@id":"https:\/\/www.infosourds.be\/#organization"},"potentialAction":[{"@type":"SearchAction","target":{"@type":"EntryPoint","urlTemplate":"https:\/\/www.infosourds.be\/?s={search_term_string}"},"query-input":{"@type":"PropertyValueSpecification","valueRequired":true,"valueName":"search_term_string"}}],"inLanguage":"nl-BE"},{"@type":"Organization","@id":"https:\/\/www.infosourds.be\/#organization","name":"Info-Sourds de Bruxelles","url":"https:\/\/www.infosourds.be\/","logo":{"@type":"ImageObject","inLanguage":"nl-BE","@id":"https:\/\/www.infosourds.be\/#\/schema\/logo\/image\/","url":"https:\/\/www.infosourds.be\/wp-content\/uploads\/2023\/03\/Logo_InfoSourds1.png","contentUrl":"https:\/\/www.infosourds.be\/wp-content\/uploads\/2023\/03\/Logo_InfoSourds1.png","width":114,"height":121,"caption":"Info-Sourds de Bruxelles"},"image":{"@id":"https:\/\/www.infosourds.be\/#\/schema\/logo\/image\/"},"sameAs":["https:\/\/www.facebook.com\/InfosourdsdeBxl","https:\/\/www.instagram.com\/infosourds_bxl\/","https:\/\/www.linkedin.com\/company\/22615107\/"]}]}},"campaignId":"","_links":{"self":[{"href":"https:\/\/www.infosourds.be\/nl\/wp-json\/wp\/v2\/pages\/28987","targetHints":{"allow":["GET"]}}],"collection":[{"href":"https:\/\/www.infosourds.be\/nl\/wp-json\/wp\/v2\/pages"}],"about":[{"href":"https:\/\/www.infosourds.be\/nl\/wp-json\/wp\/v2\/types\/page"}],"author":[{"embeddable":true,"href":"https:\/\/www.infosourds.be\/nl\/wp-json\/wp\/v2\/users\/2"}],"replies":[{"embeddable":true,"href":"https:\/\/www.infosourds.be\/nl\/wp-json\/wp\/v2\/comments?post=28987"}],"version-history":[{"count":54,"href":"https:\/\/www.infosourds.be\/nl\/wp-json\/wp\/v2\/pages\/28987\/revisions"}],"predecessor-version":[{"id":35340,"href":"https:\/\/www.infosourds.be\/nl\/wp-json\/wp\/v2\/pages\/28987\/revisions\/35340"}],"wp:attachment":[{"href":"https:\/\/www.infosourds.be\/nl\/wp-json\/wp\/v2\/media?parent=28987"}],"curies":[{"name":"wp","href":"https:\/\/api.w.org\/{rel}","templated":true}]}}