{"id":28640,"date":"2017-02-16T09:16:27","date_gmt":"2017-02-16T08:16:27","guid":{"rendered":"http:\/\/mxajfmgl.preview.infomaniak.website\/?page_id=38"},"modified":"2025-04-08T16:29:13","modified_gmt":"2025-04-08T14:29:13","slug":"wie-we-zijn","status":"publish","type":"page","link":"https:\/\/www.infosourds.be\/nl\/qui-sommes-nous","title":{"rendered":"WIE ZIJN WE?"},"content":{"rendered":"\n[et_pb_section fb_built=\u00a0\u00bb1&Prime; _builder_version=\u00a0\u00bb4.27.4&Prime; _module_preset=\u00a0\u00bbdefault\u00a0\u00bb da_disable_devices=\u00a0\u00bboff|off|off\u00a0\u00bb global_colors_info=\u00a0\u00bb{}\u00a0\u00bb da_is_popup=\u00a0\u00bboff\u00a0\u00bb da_exit_intent=\u00a0\u00bboff\u00a0\u00bb da_has_close=\u00a0\u00bbon\u00a0\u00bb da_alt_close=\u00a0\u00bboff\u00a0\u00bb da_dark_close=\u00a0\u00bboff\u00a0\u00bb da_not_modal=\u00a0\u00bbon\u00a0\u00bb da_is_singular=\u00a0\u00bboff\u00a0\u00bb da_with_loader=\u00a0\u00bboff\u00a0\u00bb da_has_shadow=\u00a0\u00bbon\u00a0\u00bb][et_pb_row _builder_version=\u00a0\u00bb4.27.4&Prime; _module_preset=\u00a0\u00bbdefault\u00a0\u00bb global_colors_info=\u00a0\u00bb{}\u00a0\u00bb][et_pb_column type=\u00a0\u00bb4_4&Prime; _builder_version=\u00a0\u00bb4.27.4&Prime; _module_preset=\u00a0\u00bbdefault\u00a0\u00bb global_colors_info=\u00a0\u00bb{}\u00a0\u00bb][et_pb_text _builder_version=\u00a0\u00bb4.27.4&Prime; _module_preset=\u00a0\u00bbdefault\u00a0\u00bb global_colors_info=\u00a0\u00bb{}\u00a0\u00bb]<h1 style=\"text-align: center;\"><span style=\"color: #000000;\"><strong>Pr\u00e9sentation d&rsquo;Info-Sourds<\/strong><\/span><\/h1>[\/et_pb_text][\/et_pb_column][\/et_pb_row][et_pb_row column_structure=\u00a0\u00bb1_2,1_2&Prime; _builder_version=\u00a0\u00bb4.27.4&Prime; _module_preset=\u00a0\u00bbdefault\u00a0\u00bb global_colors_info=\u00a0\u00bb{}\u00a0\u00bb][et_pb_column type=\u00a0\u00bb1_2&Prime; _builder_version=\u00a0\u00bb4.27.4&Prime; _module_preset=\u00a0\u00bbdefault\u00a0\u00bb global_colors_info=\u00a0\u00bb{}\u00a0\u00bb][et_pb_text _builder_version=\u00a0\u00bb4.27.4&Prime; _module_preset=\u00a0\u00bbdefault\u00a0\u00bb global_colors_info=\u00a0\u00bb{}\u00a0\u00bb]<h2 style=\"text-align: left;\"><strong style=\"color: #000000; font-size: 26px; text-align: left;\">Notre vision<\/strong><\/h2>\n<p>L\u2019association a \u00e9t\u00e9 cr\u00e9\u00e9e par des personnes sourdes et malentendantes, pour des personnes sourdes et malentendantes.<\/p>\n<p>Rappelons que ce que nous d\u00e9finissons comme handicap est le r\u00e9sultat d\u2019environnements inappropri\u00e9s et inadapt\u00e9s \u00e0 certains publics.<\/p>\n<p>Nous croyons fermement \u00e0 la possibilit\u00e9 de faire \u00e9voluer ces environnements pour briser les barri\u00e8res des st\u00e9r\u00e9otypes afin que demain soit enfin le reflet d\u2019un monde dans lequel la surdit\u00e9 fasse partie int\u00e9grante de la \u00ab\u00a0normalit\u00e9\u00a0\u00bb.<\/p>\n<p><strong><a href=\"https:\/\/www.infosourds.be\/wp-content\/uploads\/2023\/04\/Statuts_2023.pdf\" target=\"_blank\" rel=\"noopener\">Nos statuts<\/a><\/strong><\/p>[\/et_pb_text][\/et_pb_column][et_pb_column type=\u00a0\u00bb1_2&Prime; _builder_version=\u00a0\u00bb4.27.4&Prime; _module_preset=\u00a0\u00bbdefault\u00a0\u00bb global_colors_info=\u00a0\u00bb{}\u00a0\u00bb][et_pb_video src=\u00a0\u00bbhttps:\/\/youtu.be\/M06qqm9ci4A\u00a0\u00bb _builder_version=\u00a0\u00bb4.27.4&Prime; _module_preset=\u00a0\u00bbdefault\u00a0\u00bb global_colors_info=\u00a0\u00bb{}\u00a0\u00bb][\/et_pb_video][\/et_pb_column][\/et_pb_row][et_pb_row column_structure=\u00a0\u00bb1_2,1_2&Prime; _builder_version=\u00a0\u00bb4.27.4&Prime; _module_preset=\u00a0\u00bbdefault\u00a0\u00bb global_colors_info=\u00a0\u00bb{}\u00a0\u00bb][et_pb_column type=\u00a0\u00bb1_2&Prime; _builder_version=\u00a0\u00bb4.27.4&Prime; _module_preset=\u00a0\u00bbdefault\u00a0\u00bb global_colors_info=\u00a0\u00bb{}\u00a0\u00bb][et_pb_text _builder_version=\u00a0\u00bb4.27.4&Prime; _module_preset=\u00a0\u00bbdefault\u00a0\u00bb global_colors_info=\u00a0\u00bb{}\u00a0\u00bb]<h2><strong>Nos missions<\/strong><\/h2>\n<p>L\u2019asbl Info-Sourds de Bruxelles a \u00e9t\u00e9 cr\u00e9\u00e9e en 1996 pour donner suite \u00e0 une volont\u00e9 politique de regrouper dans une m\u00eame association une offre globale de services pour r\u00e9pondre aux besoins des personnes sourdes et malentendantes bruxelloises. Actiris, la COCOF, l\u2019IRSA (Institut Royal des Sourds et des Aveugles) et la FFSB (F\u00e9d\u00e9ration Francophone des Sourds de Belgique) ont uni leurs efforts pour soutenir la mise en place de l\u2019association.<\/p>\n<p>Info-Sourds a pour objet social l\u2019inclusion et l\u2019autonomie des personnes sourdes et malentendantes bruxelloises gr\u00e2ce \u00e0 des actions, individuelles ou collectives, en Langue des Signes de Belgique francophone (LSFB) et\/ou avec des moyens de communication visuels adapt\u00e9s.<\/p>[\/et_pb_text][\/et_pb_column][et_pb_column type=\u00a0\u00bb1_2&Prime; _builder_version=\u00a0\u00bb4.27.4&Prime; _module_preset=\u00a0\u00bbdefault\u00a0\u00bb global_colors_info=\u00a0\u00bb{}\u00a0\u00bb][et_pb_video src=\u00a0\u00bbhttps:\/\/youtu.be\/rs5cQAVSBn0&Prime; _builder_version=\u00a0\u00bb4.27.4&Prime; _module_preset=\u00a0\u00bbdefault\u00a0\u00bb global_colors_info=\u00a0\u00bb{}\u00a0\u00bb][\/et_pb_video][\/et_pb_column][\/et_pb_row][et_pb_row column_structure=\u00a0\u00bb1_2,1_2&Prime; _builder_version=\u00a0\u00bb4.27.4&Prime; _module_preset=\u00a0\u00bbdefault\u00a0\u00bb global_colors_info=\u00a0\u00bb{}\u00a0\u00bb][et_pb_column type=\u00a0\u00bb1_2&Prime; _builder_version=\u00a0\u00bb4.27.4&Prime; _module_preset=\u00a0\u00bbdefault\u00a0\u00bb global_colors_info=\u00a0\u00bb{}\u00a0\u00bb][et_pb_text _builder_version=\u00a0\u00bb4.27.4&Prime; _module_preset=\u00a0\u00bbdefault\u00a0\u00bb hover_enabled=\u00a0\u00bb0&Prime; global_colors_info=\u00a0\u00bb{}\u00a0\u00bb sticky_enabled=\u00a0\u00bb0&Prime;]<p>Pour remplir ses missions, Info-Sourds propose les actions suivantes :<\/p>\n<ul>\n<li>Un <a href=\"https:\/\/www.infosourds.be\/accompagnement\" target=\"_blank\" rel=\"noopener\"><strong>accompagnement global<\/strong><\/a>. Cet accompagnement consiste en un soutien dans tout type de d\u00e9marche du quotidien\u00a0: logement, l\u00e9gislation, famille, budget, d\u00e9marches administratives, loisirs, sant\u00e9, etc.<\/li>\n<li>Un <strong><a href=\"https:\/\/www.infosourds.be\/accompagnement-emploi-formations\/\" target=\"_blank\" rel=\"noopener\">accompagnement \u00e0 l\u2019emploi<\/a>.<\/strong> Cet accompagnement r\u00e9side en une aide globale et compl\u00e8te sur tout ce qui se rapporte \u00e0 l\u2019emploi\u00a0:<\/li>\n<li>Pour les chercheurs d\u2019emploi\u00a0: inscription chez Actiris, inscription au service PHARE, des conseils en orientation, r\u00e9alisation d\u2019un curriculum vitae, d\u2019une lettre de motivation, envoi des candidatures, pr\u00e9paration et accompagnement aux entretiens d\u2019embauche, etc.<\/li>\n<li>Pour les travailleurs\u00a0: une demande d\u2019am\u00e9nagement raisonnables, des formations, r\u00e9union avec des responsables, etc.<\/li>\n<li>Des<a href=\"https:\/\/www.infosourds.be\/formations\" target=\"_blank\" rel=\"noopener\"><strong> formations professionnelles<\/strong><\/a>. En partenariat avec l&rsquo;Union europ\u00e9enne, Bruxelles Formation et le soutien d\u2019Actiris, le service propose divers modules d\u2019alphab\u00e9tisation, de fran\u00e7ais, de calcul, d\u2019initiation aux nouvelles technologies, etc.<\/li>\n<li>Une <strong><a href=\"https:\/\/www.infosourds.be\/ecrivain-public\" target=\"_blank\" rel=\"noopener\">permanence d&rsquo;\u00e9crivain public<\/a> <\/strong>afin d&rsquo;accompagner et soutenir nos b\u00e9n\u00e9ficiaires dans la compr\u00e9hension et la r\u00e9daction de documents \u00e9crits, papiers ou digitaux.<\/li>\n<li>Des <a href=\"https:\/\/www.infosourds.be\/service-d-interpretation-des-sourds-de-bruxelles\" target=\"_blank\" rel=\"noopener\"><strong>prestations d\u2019interpr\u00e9tation, de translitt\u00e9ration et de transcription<\/strong><\/a>. Ces derni\u00e8res vont de l\u2019interpr\u00e9tation en langue des signes \u00e0 la translitt\u00e9ration, comprenant la Langue Fran\u00e7aise Parl\u00e9e Compl\u00e9t\u00e9e (LPC), la lecture labiale, le fran\u00e7ais sign\u00e9 \u00e0 la transcription avec de la transcription et du sous-titrage en direct de grands \u00e9v\u00e8nements.<\/li>\n<li>Des <strong><a href=\"https:\/\/www.infosourds.be\/sensibilisation\" target=\"_blank\" rel=\"noopener\">s\u00e9ances de sensibilisation \u00e0 la surdit\u00e9<\/a><\/strong> afin de travailler sur l\u2019environnement des personnes sourdes et malentendantes et permettre plus d\u2019inclusion de ces derni\u00e8res.<\/li>\n<\/ul>\n<p>L\u2019association peut recevoir toute aide ou contribution mat\u00e9rielle ou financi\u00e8re, de personne morales, publiques ou priv\u00e9es, ou de personnes physiques. Les fonds et mat\u00e9riels ainsi r\u00e9colt\u00e9s doivent servir exclusivement \u00e0 la r\u00e9alisation du but social.<\/p>\n<p>L&rsquo;association peut pr\u00eater son concours et s&rsquo;int\u00e9resser \u00e0 toutes activit\u00e9s d\u2019organisations qui poursuivent un but similaire.<\/p>[\/et_pb_text][\/et_pb_column][et_pb_column type=\u00a0\u00bb1_2&Prime; _builder_version=\u00a0\u00bb4.27.4&Prime; _module_preset=\u00a0\u00bbdefault\u00a0\u00bb global_colors_info=\u00a0\u00bb{}\u00a0\u00bb][et_pb_video src=\u00a0\u00bbhttps:\/\/youtu.be\/w4knY3Yoxjo\u00a0\u00bb _builder_version=\u00a0\u00bb4.27.4&Prime; _module_preset=\u00a0\u00bbdefault\u00a0\u00bb global_colors_info=\u00a0\u00bb{}\u00a0\u00bb][\/et_pb_video][\/et_pb_column][\/et_pb_row][et_pb_row column_structure=\u00a0\u00bb1_2,1_2&Prime; _builder_version=\u00a0\u00bb4.27.4&Prime; _module_preset=\u00a0\u00bbdefault\u00a0\u00bb global_colors_info=\u00a0\u00bb{}\u00a0\u00bb][et_pb_column type=\u00a0\u00bb1_2&Prime; _builder_version=\u00a0\u00bb4.27.4&Prime; _module_preset=\u00a0\u00bbdefault\u00a0\u00bb global_colors_info=\u00a0\u00bb{}\u00a0\u00bb][et_pb_text _builder_version=\u00a0\u00bb4.27.4&Prime; _module_preset=\u00a0\u00bbdefault\u00a0\u00bb global_colors_info=\u00a0\u00bb{}\u00a0\u00bb]<h2><strong>Nos valeurs<\/strong><\/h2>\n<ol>\n<li><strong>Acc\u00e8s aux droits fondamentaux<\/strong> au travers de nos diff\u00e9rents services et actions, nous \u0153uvrons \u00e0 la reconnaissance et au respect des droits et du m\u00e9rite des personnes sourdes et malentendantes en R\u00e9gion bruxelloise, dans le respect de leurs particularit\u00e9s et pr\u00e9f\u00e9rences.<\/li>\n<li><strong>Professionnalisme <\/strong>: l<span>e professionnalisme est au c\u0153ur de notre travail.\u00a0Il est gage de qualit\u00e9, d\u2019efficacit\u00e9, d\u2019introspection, de d\u00e9ontologie et\u00a0de comp\u00e9tences. Il repose tant sur un savoir \u00eatre qu\u2019un\u00a0savoir-faire.\u00a0Il nous conf\u00e8re expertise et\u00a0reconnaissance.\u00a0\u00a0<\/span><\/li>\n<li><strong>Respect<\/strong> : l<span>\u2019\u00e9quipe d\u2019ISB envisage le respect au sens large : les b\u00e9n\u00e9ficiaires, les coll\u00e8gues, les parties prenantes, l\u2019environnement, mais aussi le respect de soi. Il se traduit par l\u2019\u00e9coute active et une dynamique participative.\u00a0<\/span><\/li>\n<li><strong>Perfectionnement continu ou am\u00e9lioration continue.<\/strong> Le perfectionnement continu chez ISB est le fait d\u2019acqu\u00e9rir et de consolider de fa\u00e7on constante ses comp\u00e9tences et ses aptitudes, d\u2019encourager l\u2019innovation et la r\u00e9flexion, et ce en vue d\u2019am\u00e9liorer la qualit\u00e9 et l\u2019efficacit\u00e9 du service rendu<\/li>\n<li><strong>\u00c9panouissement<\/strong> : le sens de notre travail est important. Il est source d\u2019alignement, de motivation, de progression et de qualit\u00e9 de service.<\/li>\n<li><strong>Engagement<\/strong><br \/>L\u2019engagement chez ISB implique clairvoyance et honn\u00eatet\u00e9 afin d\u2019identifier les atouts et les freins au respect de nos engagements, de mettre en place les moyens requis. Il suppose des \u00e9valuations r\u00e9guli\u00e8res. Il se veut vis-\u00e0-vis de nos b\u00e9n\u00e9ficiaires, de nos partenaires et de nos coll\u00e8gues.<\/li>\n<\/ol>[\/et_pb_text][\/et_pb_column][et_pb_column type=\u00a0\u00bb1_2&Prime; _builder_version=\u00a0\u00bb4.27.4&Prime; _module_preset=\u00a0\u00bbdefault\u00a0\u00bb global_colors_info=\u00a0\u00bb{}\u00a0\u00bb][et_pb_video src=\u00a0\u00bbhttps:\/\/youtu.be\/u_c5MG2z3v4&Prime; _builder_version=\u00a0\u00bb4.27.4&Prime; _module_preset=\u00a0\u00bbdefault\u00a0\u00bb global_colors_info=\u00a0\u00bb{}\u00a0\u00bb][\/et_pb_video][\/et_pb_column][\/et_pb_row][\/et_pb_section]\n","protected":false},"excerpt":{"rendered":"<p>Pr\u00e9sentation d&rsquo;Info-SourdsNotre vision L\u2019association a \u00e9t\u00e9 cr\u00e9\u00e9e par des personnes sourdes et malentendantes, pour des personnes sourdes et malentendantes. Rappelons que ce que nous d\u00e9finissons comme handicap est le r\u00e9sultat d\u2019environnements inappropri\u00e9s et inadapt\u00e9s \u00e0 certains publics. Nous croyons fermement \u00e0 la possibilit\u00e9 de faire \u00e9voluer ces environnements pour briser les barri\u00e8res des st\u00e9r\u00e9otypes afin [&hellip;]<\/p>\n","protected":false},"author":2,"featured_media":0,"parent":0,"menu_order":2,"comment_status":"closed","ping_status":"closed","template":"","meta":{"give_campaign_id":0,"_et_pb_use_builder":"on","_et_pb_old_content":"","_et_gb_content_width":"","footnotes":""},"class_list":["post-28640","page","type-page","status-publish","hentry"],"yoast_head":"<!-- This site is optimized with the Yoast SEO plugin v27.2 - https:\/\/yoast.com\/product\/yoast-seo-wordpress\/ -->\n<title>QUI SOMMES-NOUS ? - Info-Sourds de Bruxelles<\/title>\n<meta name=\"description\" content=\"Pr\u00e9sentation de la vision, des missions et valeurs d&#039;Info-Sourds ainsi qu&#039;une pr\u00e9sentation de chacun des diff\u00e9rents services.\" \/>\n<meta name=\"robots\" content=\"index, follow, max-snippet:-1, max-image-preview:large, max-video-preview:-1\" \/>\n<link rel=\"canonical\" href=\"https:\/\/www.infosourds.be\/nl\/wie-we-zijn\" \/>\n<meta property=\"og:locale\" content=\"nl_BE\" \/>\n<meta property=\"og:type\" content=\"article\" \/>\n<meta property=\"og:title\" content=\"QUI SOMMES-NOUS ? - Info-Sourds de Bruxelles\" \/>\n<meta property=\"og:description\" content=\"Pr\u00e9sentation de la vision, des missions et valeurs d&#039;Info-Sourds ainsi qu&#039;une pr\u00e9sentation de chacun des diff\u00e9rents services.\" \/>\n<meta property=\"og:url\" content=\"https:\/\/www.infosourds.be\/nl\/wie-we-zijn\" \/>\n<meta property=\"og:site_name\" content=\"Info-Sourds de Bruxelles\" \/>\n<meta property=\"article:publisher\" content=\"https:\/\/www.facebook.com\/InfosourdsdeBxl\" \/>\n<meta property=\"article:modified_time\" content=\"2025-04-08T14:29:13+00:00\" \/>\n<meta name=\"twitter:card\" content=\"summary_large_image\" \/>\n<meta name=\"twitter:label1\" content=\"Geschatte leestijd\" \/>\n\t<meta name=\"twitter:data1\" content=\"4 minuten\" \/>\n<script type=\"application\/ld+json\" class=\"yoast-schema-graph\">{\"@context\":\"https:\/\/schema.org\",\"@graph\":[{\"@type\":\"WebPage\",\"@id\":\"https:\/\/www.infosourds.be\/qui-sommes-nous\",\"url\":\"https:\/\/www.infosourds.be\/qui-sommes-nous\",\"name\":\"QUI SOMMES-NOUS ? - Info-Sourds de Bruxelles\",\"isPartOf\":{\"@id\":\"https:\/\/www.infosourds.be\/#website\"},\"datePublished\":\"2017-02-16T08:16:27+00:00\",\"dateModified\":\"2025-04-08T14:29:13+00:00\",\"description\":\"Pr\u00e9sentation de la vision, des missions et valeurs d'Info-Sourds ainsi qu'une pr\u00e9sentation de chacun des diff\u00e9rents services.\",\"breadcrumb\":{\"@id\":\"https:\/\/www.infosourds.be\/qui-sommes-nous#breadcrumb\"},\"inLanguage\":\"nl-BE\",\"potentialAction\":[{\"@type\":\"ReadAction\",\"target\":[\"https:\/\/www.infosourds.be\/qui-sommes-nous\"]}]},{\"@type\":\"BreadcrumbList\",\"@id\":\"https:\/\/www.infosourds.be\/qui-sommes-nous#breadcrumb\",\"itemListElement\":[{\"@type\":\"ListItem\",\"position\":1,\"name\":\"Accueil\",\"item\":\"https:\/\/www.infosourds.be\/\"},{\"@type\":\"ListItem\",\"position\":2,\"name\":\"QUI SOMMES-NOUS ?\"}]},{\"@type\":\"WebSite\",\"@id\":\"https:\/\/www.infosourds.be\/#website\",\"url\":\"https:\/\/www.infosourds.be\/\",\"name\":\"infosourds.be\",\"description\":\"Une personne avant tout\",\"publisher\":{\"@id\":\"https:\/\/www.infosourds.be\/#organization\"},\"potentialAction\":[{\"@type\":\"SearchAction\",\"target\":{\"@type\":\"EntryPoint\",\"urlTemplate\":\"https:\/\/www.infosourds.be\/?s={search_term_string}\"},\"query-input\":{\"@type\":\"PropertyValueSpecification\",\"valueRequired\":true,\"valueName\":\"search_term_string\"}}],\"inLanguage\":\"nl-BE\"},{\"@type\":\"Organization\",\"@id\":\"https:\/\/www.infosourds.be\/#organization\",\"name\":\"Info-Sourds de Bruxelles\",\"url\":\"https:\/\/www.infosourds.be\/\",\"logo\":{\"@type\":\"ImageObject\",\"inLanguage\":\"nl-BE\",\"@id\":\"https:\/\/www.infosourds.be\/#\/schema\/logo\/image\/\",\"url\":\"https:\/\/www.infosourds.be\/wp-content\/uploads\/2023\/03\/Logo_InfoSourds1.png\",\"contentUrl\":\"https:\/\/www.infosourds.be\/wp-content\/uploads\/2023\/03\/Logo_InfoSourds1.png\",\"width\":114,\"height\":121,\"caption\":\"Info-Sourds de Bruxelles\"},\"image\":{\"@id\":\"https:\/\/www.infosourds.be\/#\/schema\/logo\/image\/\"},\"sameAs\":[\"https:\/\/www.facebook.com\/InfosourdsdeBxl\",\"https:\/\/www.instagram.com\/infosourds_bxl\/\",\"https:\/\/www.linkedin.com\/company\/22615107\/\"]}]}<\/script>\n<!-- \/ Yoast SEO plugin. -->","yoast_head_json":{"title":"WIE ZIJN WIJ? - Info-Sourds de Bruxelles","description":"Presentatie van de visie, missies en waarden van Info-Sourds, evenals een presentatie van elk van de verschillende diensten.","robots":{"index":"index","follow":"follow","max-snippet":"max-snippet:-1","max-image-preview":"max-image-preview:large","max-video-preview":"max-video-preview:-1"},"canonical":"https:\/\/www.infosourds.be\/nl\/wie-we-zijn","og_locale":"nl_BE","og_type":"article","og_title":"QUI SOMMES-NOUS ? - Info-Sourds de Bruxelles","og_description":"Pr\u00e9sentation de la vision, des missions et valeurs d'Info-Sourds ainsi qu'une pr\u00e9sentation de chacun des diff\u00e9rents services.","og_url":"https:\/\/www.infosourds.be\/nl\/wie-we-zijn","og_site_name":"Info-Sourds de Bruxelles","article_publisher":"https:\/\/www.facebook.com\/InfosourdsdeBxl","article_modified_time":"2025-04-08T14:29:13+00:00","twitter_card":"summary_large_image","twitter_misc":{"Geschatte leestijd":"4 minuten"},"schema":{"@context":"https:\/\/schema.org","@graph":[{"@type":"WebPage","@id":"https:\/\/www.infosourds.be\/qui-sommes-nous","url":"https:\/\/www.infosourds.be\/qui-sommes-nous","name":"WIE ZIJN WIJ? - Info-Sourds de Bruxelles","isPartOf":{"@id":"https:\/\/www.infosourds.be\/#website"},"datePublished":"2017-02-16T08:16:27+00:00","dateModified":"2025-04-08T14:29:13+00:00","description":"Presentatie van de visie, missies en waarden van Info-Sourds, evenals een presentatie van elk van de verschillende diensten.","breadcrumb":{"@id":"https:\/\/www.infosourds.be\/qui-sommes-nous#breadcrumb"},"inLanguage":"nl-BE","potentialAction":[{"@type":"ReadAction","target":["https:\/\/www.infosourds.be\/qui-sommes-nous"]}]},{"@type":"BreadcrumbList","@id":"https:\/\/www.infosourds.be\/qui-sommes-nous#breadcrumb","itemListElement":[{"@type":"ListItem","position":1,"name":"Accueil","item":"https:\/\/www.infosourds.be\/"},{"@type":"ListItem","position":2,"name":"QUI SOMMES-NOUS ?"}]},{"@type":"WebSite","@id":"https:\/\/www.infosourds.be\/#website","url":"https:\/\/www.infosourds.be\/","name":"infosourds.be","description":"Een persoon boven alles","publisher":{"@id":"https:\/\/www.infosourds.be\/#organization"},"potentialAction":[{"@type":"SearchAction","target":{"@type":"EntryPoint","urlTemplate":"https:\/\/www.infosourds.be\/?s={search_term_string}"},"query-input":{"@type":"PropertyValueSpecification","valueRequired":true,"valueName":"search_term_string"}}],"inLanguage":"nl-BE"},{"@type":"Organization","@id":"https:\/\/www.infosourds.be\/#organization","name":"Info-Sourds de Bruxelles","url":"https:\/\/www.infosourds.be\/","logo":{"@type":"ImageObject","inLanguage":"nl-BE","@id":"https:\/\/www.infosourds.be\/#\/schema\/logo\/image\/","url":"https:\/\/www.infosourds.be\/wp-content\/uploads\/2023\/03\/Logo_InfoSourds1.png","contentUrl":"https:\/\/www.infosourds.be\/wp-content\/uploads\/2023\/03\/Logo_InfoSourds1.png","width":114,"height":121,"caption":"Info-Sourds de Bruxelles"},"image":{"@id":"https:\/\/www.infosourds.be\/#\/schema\/logo\/image\/"},"sameAs":["https:\/\/www.facebook.com\/InfosourdsdeBxl","https:\/\/www.instagram.com\/infosourds_bxl\/","https:\/\/www.linkedin.com\/company\/22615107\/"]}]}},"campaignId":"","_links":{"self":[{"href":"https:\/\/www.infosourds.be\/nl\/wp-json\/wp\/v2\/pages\/28640","targetHints":{"allow":["GET"]}}],"collection":[{"href":"https:\/\/www.infosourds.be\/nl\/wp-json\/wp\/v2\/pages"}],"about":[{"href":"https:\/\/www.infosourds.be\/nl\/wp-json\/wp\/v2\/types\/page"}],"author":[{"embeddable":true,"href":"https:\/\/www.infosourds.be\/nl\/wp-json\/wp\/v2\/users\/2"}],"replies":[{"embeddable":true,"href":"https:\/\/www.infosourds.be\/nl\/wp-json\/wp\/v2\/comments?post=28640"}],"version-history":[{"count":10,"href":"https:\/\/www.infosourds.be\/nl\/wp-json\/wp\/v2\/pages\/28640\/revisions"}],"predecessor-version":[{"id":34222,"href":"https:\/\/www.infosourds.be\/nl\/wp-json\/wp\/v2\/pages\/28640\/revisions\/34222"}],"wp:attachment":[{"href":"https:\/\/www.infosourds.be\/nl\/wp-json\/wp\/v2\/media?parent=28640"}],"curies":[{"name":"wp","href":"https:\/\/api.w.org\/{rel}","templated":true}]}}